{"id":175,"date":"2023-05-20T19:29:11","date_gmt":"2023-05-20T19:29:11","guid":{"rendered":"https:\/\/bankhub.vn\/?page_id=175"},"modified":"2023-05-20T19:29:11","modified_gmt":"2023-05-20T19:29:11","slug":"dieu-khoan-su-dung","status":"publish","type":"page","link":"https:\/\/cas.so\/cas-id\/dieu-khoan-su-dung\/","title":{"rendered":"\u0110i\u1ec1u kho\u1ea3n s\u1eed d\u1ee5ng"},"content":{"rendered":"\n<h2 class=\"wp-block-heading\"><br><strong>\u0110i\u1ec1u kho\u1ea3n s\u1eed d\u1ee5ng<\/strong><\/h2>\n\n\n\n<p>Cas cung c\u1ea5p m\u1ed9t n\u1ec1n t\u1ea3ng (\u201cN\u1ec1n t\u1ea3ng\u201d) cho ph\u00e9p ng\u01b0\u1eddi d\u00f9ng cu\u1ed1i <strong>k\u1ebft n\u1ed1i <\/strong>t\u00e0i kho\u1ea3n ng\u00e2n h\u00e0ng v\u00e0 c\u00e1c t\u00e0i kho\u1ea3n t\u00e0i ch\u00ednh kh\u00e1c (\u201cT\u00e0i kho\u1ea3n\u201d) v\u00e0 <strong>c\u1ea5p quy\u1ec1n<\/strong> cho c\u00e1c \u1ee9ng d\u1ee5ng c\u00f3 th\u1ec3 gi\u00fap ng\u01b0\u1eddi d\u00f9ng th\u1ef1c hi\u1ec7n nh\u1eefng vi\u1ec7c nh\u01b0 \u0111\u1ed1i so\u00e1t giao d\u1ecbch, qu\u1ea3n l\u00fd chi ti\u00eau c\u1ee7a b\u1ea1n, ho\u1eb7c t\u1ef1 \u0111\u1ed9ng h\u00f3a quy tr\u00ecnh kinh doanh trong c\u00e1c doanh nghi\u1ec7p c\u1ee7a ng\u01b0\u1eddi d\u00f9ng (\u201c\u1ee8ng d\u1ee5ng\u201d).<\/p>\n\n\n\n<p>Th\u1ecfa thu\u1eadn d\u1ecbch v\u1ee5 ng\u01b0\u1eddi d\u00f9ng cu\u1ed1i (\u201cTh\u1ecfa thu\u1eadn\u201d) n\u00e0y l\u00e0 th\u1ecfa thu\u1eadn gi\u1eefa ng\u01b0\u1eddi d\u00f9ng v\u00e0 C\u00f4ng ty TNHH Casso, ch\u1ee7 s\u1edf h\u1eefu c\u1ee7a Cas (\u201cCas\u201d, \u201cch\u00fang t\u00f4i\u201d). B\u1eb1ng c\u00e1ch ch\u1ea5p nh\u1eadn Th\u1ecfa thu\u1eadn n\u00e0y ho\u1eb7c truy c\u1eadp v\u00e0o \u1ee9ng d\u1ee5ng Cas ID, ng\u01b0\u1eddi d\u00f9ng \u0111\u1ed3ng \u00fd v\u1edbi Th\u1ecfa thu\u1eadn n\u00e0y v\u00e0 x\u00e1c nh\u1eadn r\u1eb1ng ng\u01b0\u1eddi d\u00f9ng cung c\u1ea5p cho Cas c\u00e1c quy\u1ec1n c\u1ea7n thi\u1ebft. . N\u1ebfu ng\u01b0\u1eddi d\u00f9ng \u0111\u1ea1i di\u1ec7n cho c\u00f4ng ty c\u1ee7a m\u00ecnh ho\u1eb7c t\u1ed5 ch\u1ee9c kh\u00e1c, ng\u01b0\u1eddi d\u00f9ng c\u1ea7n \u0111\u1ea3m b\u1ea3o r\u1eb1ng: (i) ng\u01b0\u1eddi d\u00f9ng c\u00f3 \u0111\u1ea7y \u0111\u1ee7 th\u1ea9m quy\u1ec1n ph\u00e1p l\u00fd \u0111\u1ec3 r\u00e0ng bu\u1ed9c c\u00f4ng ty c\u1ee7a c\u1ee7a m\u00ecnh ho\u1eb7c t\u1ed5 ch\u1ee9c \u0111\u00f3 v\u1edbi Th\u1ecfa thu\u1eadn n\u00e0y; (ii) ng\u01b0\u1eddi d\u00f9ng \u0111\u00e3 \u0111\u1ecdc v\u00e0 hi\u1ec3u Th\u1ecfa thu\u1eadn n\u00e0y; v\u00e0 (iii) ng\u01b0\u1eddi d\u00f9ng \u0111\u1ed3ng \u00fd v\u1edbi Th\u1ecfa thu\u1eadn n\u00e0y thay m\u1eb7t cho b\u00ean m\u00e0 ng\u01b0\u1eddi d\u00f9ng \u0111\u1ea1i di\u1ec7n. N\u1ebfu ng\u01b0\u1eddi d\u00f9ng kh\u00f4ng c\u00f3 th\u1ea9m quy\u1ec1n ph\u00e1p l\u00fd \u0111\u1ec3 r\u00e0ng bu\u1ed9c c\u00f4ng ty c\u1ee7a ng\u01b0\u1eddi d\u00f9ng ho\u1eb7c t\u1ed5 ch\u1ee9c hi\u1ec7n h\u00e0nh, vui l\u00f2ng kh\u00f4ng ch\u1ea5p nh\u1eadn Th\u1ecfa thu\u1eadn n\u00e0y ho\u1eb7c truy c\u1eadp c\u00e1c t\u00ednh n\u0103ng \u0111\u01b0\u1ee3c \u0111\u1ec1 c\u1eadp trong Th\u1ecfa thu\u1eadn n\u00e0y.<\/p>\n\n\n\n<p>Xin l\u01b0u \u00fd r\u1eb1ng Th\u1ecfa thu\u1eadn n\u00e0y kh\u00f4ng \u00e1p d\u1ee5ng cho c\u00e1c d\u1ecbch v\u1ee5 m\u00e0 ch\u00fang t\u00f4i cung c\u1ea5p cho c\u00e1c nh\u00e0 ph\u00e1t tri\u1ec3n \u1ee8ng d\u1ee5ng. C\u00e1c d\u1ecbch v\u1ee5 \u0111\u00f3 tu\u00e2n theo \u0110i\u1ec1u kho\u1ea3n s\u1eed d\u1ee5ng d\u00e0nh cho nh\u00e0 ph\u00e1t tri\u1ec3n c\u1ee7a ch\u00fang t\u00f4i v\u00e0 c\u00e1c \u0111i\u1ec1u kho\u1ea3n kh\u00e1c.<\/p>\n\n\n\n<h6 class=\"wp-block-heading\"><strong>\u1ee8ng d\u1ee5ng Cas<\/strong><\/h6>\n\n\n\n<p>Ng\u01b0\u1eddi d\u00f9ng c\u00f3 th\u1ec3 s\u1eed d\u1ee5ng \u1ee9ng d\u1ee5ng Cas ID ch\u00fang t\u00f4i ph\u00e1t h\u00e0nh tr\u00ean Google Play v\u00e0 Apple Appstore \u0111\u1ec3 qu\u1ea3n l\u00fd c\u00e1c k\u1ebft n\u1ed1i gi\u1eefa T\u00e0i kho\u1ea3n v\u00e0 \u1ee8ng d\u1ee5ng c\u1ee7a m\u00ecnh. \u1ee8ng d\u1ee5ng Cas \u0111\u01b0\u1ee3c thi\u1ebft k\u1ebf \u0111\u1ec3 trao quy\u1ec1n cho ng\u01b0\u1eddi d\u00f9ng quy\u1ec1n ki\u1ec3m so\u00e1t t\u1ed1t h\u01a1n \u0111\u1ed1i v\u1edbi d\u1eef li\u1ec7u t\u00e0i ch\u00ednh c\u1ee7a m\u00ecnh, nh\u01b0ng quy\u1ebft \u0111\u1ecbnh s\u1eed d\u1ee5ng b\u1ea5t k\u1ef3 \u1ee8ng d\u1ee5ng n\u00e0o v\u1eabn l\u00e0 c\u1ee7a b\u1ea1n. Vi\u1ec7c ng\u01b0\u1eddi d\u00f9ng s\u1eed d\u1ee5ng b\u1ea5t k\u1ef3 \u1ee8ng d\u1ee5ng v\u00e0 T\u00e0i kho\u1ea3n n\u00e0o c\u0169ng nh\u01b0 vi\u1ec7c Nh\u00e0 cung c\u1ea5p \u1ee9ng d\u1ee5ng v\u00e0 T\u00e0i kho\u1ea3n s\u1eed d\u1ee5ng d\u1eef li\u1ec7u c\u1ee7a ng\u01b0\u1eddi d\u00f9ng ch\u1ecbu s\u1ef1 \u0111i\u1ec1u ch\u1ec9nh c\u1ee7a c\u00e1c \u0111i\u1ec1u kho\u1ea3n ri\u00eang bi\u1ec7t gi\u1eefa ng\u01b0\u1eddi d\u00f9ng v\u00e0 c\u00e1c nh\u00e0 cung c\u1ea5p hi\u1ec7n h\u00e0nh. Cas kh\u00f4ng ch\u1ecbu tr\u00e1ch nhi\u1ec7m \u0111\u1ed1i v\u1edbi b\u1ea5t k\u1ef3 \u1ee8ng d\u1ee5ng ho\u1eb7c T\u00e0i kho\u1ea3n n\u00e0o do b\u00ean th\u1ee9 ba cung c\u1ea5p ho\u1eb7c c\u00e1c h\u00e0nh \u0111\u1ed9ng ho\u1eb7c thi\u1ebfu s\u00f3t c\u1ee7a b\u1ea5t k\u1ef3 nh\u00e0 cung c\u1ea5p b\u00ean th\u1ee9 ba n\u00e0o, \u0111\u1ed3ng th\u1eddi kh\u00f4ng \u0111\u1ea3m b\u1ea3o r\u1eb1ng m\u1ecdi \u1ee8ng d\u1ee5ng ho\u1eb7c T\u00e0i kho\u1ea3n s\u1ebd v\u1eabn kh\u1ea3 d\u1ee5ng ho\u1eb7c t\u01b0\u01a1ng th\u00edch v\u1edbi N\u1ec1n t\u1ea3ng.<\/p>\n\n\n\n<h6 class=\"wp-block-heading\"><strong>T\u1ea1o h\u1ed3 s\u01a1 Cas<\/strong><\/h6>\n\n\n\n<p>\u0110\u1ec3 s\u1eed d\u1ee5ng m\u1ed9t s\u1ed1 t\u00ednh n\u0103ng nh\u1ea5t \u0111\u1ecbnh tr\u00ean N\u1ec1n t\u1ea3ng, ng\u01b0\u1eddi d\u00f9ng c\u1ea7n t\u1ea1o h\u1ed3 s\u01a1 v\u1edbi Cas. Ng\u01b0\u1eddi d\u00f9ng c\u00f3 tr\u00e1ch nhi\u1ec7m \u0111\u1ea3m b\u1ea3o r\u1eb1ng m\u1ecdi th\u00f4ng tin cung c\u1ea5p l\u00e0 ch\u00ednh x\u00e1c, \u0111\u1ea7y \u0111\u1ee7 v\u00e0 lu\u00f4n \u0111\u01b0\u1ee3c c\u1eadp nh\u1eadt. Trong tr\u01b0\u1eddng h\u1ee3p ph\u00e1t hi\u1ec7n b\u1ea5t k\u1ef3 h\u00e0nh vi truy c\u1eadp ho\u1eb7c s\u1eed d\u1ee5ng tr\u00e1i ph\u00e9p h\u1ed3 s\u01a1 Cas, ng\u01b0\u1eddi d\u00f9ng c\u1ea7n th\u00f4ng b\u00e1o ngay cho ch\u00fang t\u00f4i \u0111\u1ec3 \u0111\u01b0\u1ee3c h\u1ed7 tr\u1ee3 k\u1ecbp th\u1eddi.<\/p>\n\n\n\n<h6 class=\"wp-block-heading\"><strong>Ki\u1ec3m so\u00e1t v\u00e0 Tr\u00e1ch nhi\u1ec7m<\/strong><\/h6>\n\n\n\n<p>Ng\u01b0\u1eddi d\u00f9ng tuy\u00ean b\u1ed1 v\u00e0 \u0111\u1ea3m b\u1ea3o r\u1eb1ng m\u00ecnh c\u00f3 \u0111\u1ea7y \u0111\u1ee7 quy\u1ec1n h\u1ee3p ph\u00e1p \u0111\u1ec3 s\u1eed d\u1ee5ng T\u00e0i kho\u1ea3n v\u00e0 \u1ee8ng d\u1ee5ng c\u1ee7a m\u00ecnh tr\u00ean N\u1ec1n t\u1ea3ng. Ng\u01b0\u1eddi d\u00f9ng \u0111\u1ed3ng \u00fd tu\u00e2n th\u1ee7 t\u1ea5t c\u1ea3 c\u00e1c lu\u1eadt v\u00e0 quy \u0111\u1ecbnh hi\u1ec7n h\u00e0nh li\u00ean quan \u0111\u1ebfn vi\u1ec7c s\u1eed d\u1ee5ng N\u1ec1n t\u1ea3ng, c\u0169ng nh\u01b0 m\u1ecdi quy t\u1eafc v\u00e0 ch\u00ednh s\u00e1ch m\u00e0 ch\u00fang t\u00f4i c\u00f4ng b\u1ed1.<\/p>\n\n\n\n<p>Ng\u01b0\u1eddi d\u00f9ng <strong>kh\u00f4ng \u0111\u01b0\u1ee3c ph\u00e9p<\/strong>:<\/p>\n\n\n\n<ol class=\"wp-block-list\">\n<li>S\u1eed d\u1ee5ng ho\u1eb7c truy c\u1eadp v\u00e0o T\u00e0i kho\u1ea3n ho\u1eb7c d\u1eef li\u1ec7u c\u1ee7a ng\u01b0\u1eddi kh\u00e1c.<\/li>\n\n\n\n<li>G\u1eedi th\u00f4ng tin m\u1ea1o danh ho\u1eb7c s\u1eed d\u1ee5ng danh t\u00ednh\/t\u00e0i kho\u1ea3n c\u1ee7a ng\u01b0\u1eddi kh\u00e1c, ho\u1eb7c x\u00e2m ph\u1ea1m quy\u1ec1n c\u1ee7a b\u1ea5t k\u1ef3 b\u00ean th\u1ee9 ba n\u00e0o.<\/li>\n\n\n\n<li>S\u1eed d\u1ee5ng N\u1ec1n t\u1ea3ng cho b\u1ea5t k\u1ef3 m\u1ee5c \u0111\u00edch gian l\u1eadn, b\u1ea5t h\u1ee3p ph\u00e1p ho\u1eb7c g\u00e2y hi\u1ec3u l\u1ea7m n\u00e0o.<\/li>\n<\/ol>\n\n\n\n<p>Ng\u01b0\u1eddi d\u00f9ng <strong>c\u0169ng kh\u00f4ng \u0111\u01b0\u1ee3c th\u1ef1c hi\u1ec7n c\u00e1c h\u00e0nh vi sau<\/strong>:<br>a. S\u1eeda \u0111\u1ed5i, \u0111\u1ea3o ng\u01b0\u1ee3c k\u1ef9 thu\u1eadt ho\u1eb7c c\u1ed1 g\u1eafng truy c\u1eadp tr\u00e1i ph\u00e9p v\u00e0o N\u1ec1n t\u1ea3ng, h\u1ec7 th\u1ed1ng, d\u1eef li\u1ec7u ho\u1eb7c m\u00e3 ngu\u1ed3n li\u00ean quan.<br>b. V\u01b0\u1ee3t qua ho\u1eb7c ph\u00e1 v\u1ee1 b\u1ea5t k\u1ef3 bi\u1ec7n ph\u00e1p b\u1ea3o m\u1eadt n\u00e0o \u0111\u01b0\u1ee3c thi\u1ebft k\u1ebf \u0111\u1ec3 gi\u1edbi h\u1ea1n quy\u1ec1n truy c\u1eadp v\u00e0o N\u1ec1n t\u1ea3ng.<br>c. Cho thu\u00ea, chuy\u1ec3n nh\u01b0\u1ee3ng quy\u1ec1n s\u1eed d\u1ee5ng ho\u1eb7c c\u1ea5p quy\u1ec1n truy c\u1eadp N\u1ec1n t\u1ea3ng cho b\u00ean th\u1ee9 ba; ho\u1eb7c s\u1eed d\u1ee5ng N\u1ec1n t\u1ea3ng \u0111\u1ec3 cung c\u1ea5p d\u1ecbch v\u1ee5 cho b\u00ean th\u1ee9 ba.<br>d. Sao ch\u00e9p, ch\u1ec9nh s\u1eeda ho\u1eb7c t\u1ea1o s\u1ea3n ph\u1ea9m ph\u00e1i sinh t\u1eeb N\u1ec1n t\u1ea3ng, ho\u1eb7c x\u00f3a b\u1ea5t k\u1ef3 th\u00f4ng b\u00e1o quy\u1ec1n s\u1edf h\u1eefu n\u00e0o c\u1ee7a Cas.<br>e. Truy c\u1eadp N\u1ec1n t\u1ea3ng nh\u1eb1m m\u1ee5c \u0111\u00edch c\u1ea1nh tranh, ho\u1eb7c thu th\u1eadp th\u00f4ng tin so s\u00e1nh\/\u0111\u00e1nh gi\u00e1 hi\u1ec7u su\u1ea5t N\u1ec1n t\u1ea3ng.<br>f. S\u1eed d\u1ee5ng N\u1ec1n t\u1ea3ng theo c\u00e1ch g\u00e2y h\u01b0 h\u1ecfng, qu\u00e1 t\u1ea3i ho\u1eb7c \u1ea3nh h\u01b0\u1edfng x\u1ea5u \u0111\u1ebfn ch\u1ee9c n\u0103ng c\u1ee7a N\u1ec1n t\u1ea3ng; ho\u1eb7c l\u00e0m gi\u00e1n \u0111o\u1ea1n, c\u1ea3n tr\u1edf tr\u1ea3i nghi\u1ec7m c\u1ee7a ng\u01b0\u1eddi d\u00f9ng kh\u00e1c.<\/p>\n\n\n\n<h6 class=\"wp-block-heading\"><strong>C\u00e1ch Cas s\u1eed d\u1ee5ng d\u1eef li\u1ec7u c\u1ee7a b\u1ea1n.<\/strong><\/h6>\n\n\n\n<p>Vui l\u00f2ng xem l\u1ea1i Ch\u00ednh s\u00e1ch quy\u1ec1n ri\u00eang t\u01b0 c\u1ee7a ng\u01b0\u1eddi d\u00f9ng cu\u1ed1i c\u1ee7a ch\u00fang t\u00f4i \u0111\u1ec3 t\u00ecm hi\u1ec3u c\u00e1ch Cas s\u1eed d\u1ee5ng d\u1eef li\u1ec7u li\u00ean quan \u0111\u1ebfn T\u00e0i kho\u1ea3n c\u1ee7a ng\u01b0\u1eddi d\u00f9ng (v\u00ed d\u1ee5: th\u00f4ng tin \u0111\u0103ng nh\u1eadp T\u00e0i kho\u1ea3n v\u00e0 th\u00f4ng tin s\u1ed1 d\u01b0 c\u1ee7a b\u1ea1n). Ng\u01b0\u1eddi d\u00f9ng c\u0169ng n\u00ean tham kh\u1ea3o<a href=\"https:\/\/cas.so\/cas-id\/chinh-sach-bao-mat\/\"> ch\u00ednh s\u00e1ch b\u1ea3o m\u1eadt<\/a> c\u1ee7a ch\u00fang t\u00f4i \u0111\u1ec3 bi\u1ebft th\u00f4ng tin v\u1ec1 nh\u1eefng g\u00ec ch\u00fang t\u00f4i thu th\u1eadp t\u1eeb vi\u1ec7c s\u1eed d\u1ee5ng c\u00e1c trang web c\u1ee7a ch\u00fang t\u00f4i. N\u1ebfu ng\u01b0\u1eddi d\u00f9ng c\u00f3 th\u1eafc m\u1eafc, h\u00e3y li\u00ean h\u1ec7 v\u1edbi ch\u00fang t\u00f4i t\u1ea1i cskh@cas.so<\/p>\n\n\n\n<h6 class=\"wp-block-heading\"><strong>Quy\u1ec1n \u0111\u1ed1i v\u1edbi N\u1ec1n t\u1ea3ng.<\/strong><\/h6>\n\n\n\n<p>L\u01b0u \u00fd r\u1eb1ng Cas s\u1edf h\u1eefu t\u1ea5t c\u1ea3 c\u00e1c quy\u1ec1n, danh hi\u1ec7u v\u00e0 l\u1ee3i \u00edch (bao g\u1ed3m c\u1ea3 quy\u1ec1n s\u1edf h\u1eefu tr\u00ed tu\u1ec7) trong v\u00e0 \u0111\u1ed1i v\u1edbi N\u1ec1n t\u1ea3ng (bao g\u1ed3m \u1ee9ng d\u1ee5ng Cas v\u00e0 c\u00e1c t\u00ednh n\u0103ng c\u1ee7a H\u1ed3 s\u01a1 Cas) c\u0169ng nh\u01b0 c\u00e1c trang web v\u00e0 c\u00f4ng ngh\u1ec7 c\u00f3 li\u00ean quan. N\u1ebfu ng\u01b0\u1eddi d\u00f9ng ch\u1ecdn cung c\u1ea5p cho ch\u00fang t\u00f4i ph\u1ea3n h\u1ed3i, \u0111\u1ec1 xu\u1ea5t ho\u1eb7c th\u00f4ng tin \u0111\u1ea7u v\u00e0o kh\u00e1c v\u1ec1 N\u1ec1n t\u1ea3ng, ch\u00fang t\u00f4i c\u00f3 th\u1ec3 s\u1eed d\u1ee5ng ch\u00fang m\u00e0 kh\u00f4ng b\u1ecb h\u1ea1n ch\u1ebf.<\/p>\n\n\n\n<h6 class=\"wp-block-heading\"><strong>Tuy\u00ean b\u1ed1 mi\u1ec5n tr\u1eeb tr\u00e1ch nhi\u1ec7m<\/strong><\/h6>\n\n\n\n<p>Trong ph\u1ea1m vi ph\u00e1p lu\u1eadt cho ph\u00e9p, <strong>N\u1ec1n t\u1ea3ng (bao g\u1ed3m c\u1ea3 \u1ee9ng d\u1ee5ng Cas)<\/strong> \u0111\u01b0\u1ee3c cung c\u1ea5p \u201cnguy\u00ean tr\u1ea1ng\u201d v\u00e0 \u201cs\u1eb5n c\u00f3\u201d, v\u00e0 vi\u1ec7c s\u1eed d\u1ee5ng ho\u00e0n to\u00e0n do b\u1ea1n t\u1ef1 quy\u1ebft \u0111\u1ecbnh v\u00e0 t\u1ef1 ch\u1ecbu r\u1ee7i ro. <strong>Cas<\/strong>, c\u00e1c c\u00f4ng ty li\u00ean k\u1ebft, c\u0169ng nh\u01b0 c\u00e1c nh\u00e0 cung c\u1ea5p c\u1ee7a Cas v\u00e0 c\u1ee7a c\u00e1c c\u00f4ng ty li\u00ean k\u1ebft \u0111\u00f3 <strong>kh\u00f4ng \u0111\u01b0a ra b\u1ea5t k\u1ef3 b\u1ea3o \u0111\u1ea3m n\u00e0o, d\u00f9 r\u00f5 r\u00e0ng hay ng\u1ee5 \u00fd, theo quy \u0111\u1ecbnh ph\u00e1p lu\u1eadt hay d\u01b0\u1edbi b\u1ea5t k\u1ef3 h\u00ecnh th\u1ee9c n\u00e0o kh\u00e1c<\/strong>, bao g\u1ed3m nh\u01b0ng kh\u00f4ng gi\u1edbi h\u1ea1n \u1edf c\u00e1c b\u1ea3o \u0111\u1ea3m v\u1ec1 kh\u1ea3 n\u0103ng th\u01b0\u01a1ng m\u1ea1i, quy\u1ec1n s\u1edf h\u1eefu, s\u1ef1 ph\u00f9 h\u1ee3p v\u1edbi m\u1ee5c \u0111\u00edch c\u1ee5 th\u1ec3 ho\u1eb7c kh\u00f4ng vi ph\u1ea1m quy\u1ec1n c\u1ee7a b\u00ean th\u1ee9 ba.<\/p>\n\n\n\n<p>Cas kh\u00f4ng b\u1ea3o \u0111\u1ea3m r\u1eb1ng vi\u1ec7c s\u1eed d\u1ee5ng N\u1ec1n t\u1ea3ng s\u1ebd kh\u00f4ng b\u1ecb gi\u00e1n \u0111o\u1ea1n ho\u1eb7c kh\u00f4ng c\u00f3 l\u1ed7i, r\u1eb1ng d\u1eef li\u1ec7u c\u1ee7a b\u1ea1n s\u1ebd ch\u00ednh x\u00e1c ho\u1eb7c \u0111\u1ea7y \u0111\u1ee7, ho\u1eb7c r\u1eb1ng d\u1eef li\u1ec7u c\u1ee7a b\u1ea1n s\u1ebd \u0111\u01b0\u1ee3c b\u1ea3o to\u00e0n m\u00e0 kh\u00f4ng c\u00f3 nguy c\u01a1 m\u1ea5t m\u00e1t.<\/p>\n\n\n\n<p><strong>Gi\u1edbi h\u1ea1n tr\u00e1ch nhi\u1ec7m \u0111\u1ed1i v\u1edbi N\u1ec1n t\u1ea3ng<\/strong><\/p>\n\n\n\n<p>Trong ph\u1ea1m vi ph\u00e1p lu\u1eadt cho ph\u00e9p, <strong>Cas<\/strong>, c\u00e1c c\u00f4ng ty li\u00ean k\u1ebft, c\u0169ng nh\u01b0 c\u00e1c nh\u00e0 cung c\u1ea5p c\u1ee7a Cas v\u00e0 c\u1ee7a c\u00e1c c\u00f4ng ty li\u00ean k\u1ebft \u0111\u00f3 <strong>kh\u00f4ng ch\u1ecbu tr\u00e1ch nhi\u1ec7m \u0111\u1ed1i v\u1edbi<\/strong>:<\/p>\n\n\n\n<p>a) B\u1ea5t k\u1ef3 kho\u1ea3n l\u1ee3i nhu\u1eadn b\u1ecb m\u1ea5t, m\u1ea5t quy\u1ec1n s\u1eed d\u1ee5ng, m\u1ea5t d\u1eef li\u1ec7u ho\u1eb7c d\u1eef li\u1ec7u kh\u00f4ng ch\u00ednh x\u00e1c, th\u1ea5t b\u1ea1i c\u1ee7a c\u00e1c c\u01a1 ch\u1ebf b\u1ea3o m\u1eadt, t\u1ed5n th\u1ea5t t\u00e0i ch\u00ednh, ho\u1eb7c b\u1ea5t k\u1ef3 thi\u1ec7t h\u1ea1i gi\u00e1n ti\u1ebfp, \u0111\u1eb7c bi\u1ec7t, ng\u1eabu nhi\u00ean, ph\u00e1t sinh t\u1eeb s\u1ef1 tin c\u1eady ho\u1eb7c thi\u1ec7t h\u1ea1i h\u1ec7 qu\u1ea3 n\u00e0o d\u01b0\u1edbi b\u1ea5t k\u1ef3 h\u00ecnh th\u1ee9c n\u00e0o;<br>b) B\u1ea5t k\u1ef3 kho\u1ea3n thi\u1ec7t h\u1ea1i n\u00e0o v\u01b0\u1ee3t qu\u00e1 t\u1ed5ng s\u1ed1 ti\u1ec1n b\u1ea1n \u0111\u00e3 tr\u1ea3 \u0111\u1ec3 s\u1eed d\u1ee5ng N\u1ec1n t\u1ea3ng, n\u1ebfu c\u00f3.<\/p>\n\n\n\n<h6 class=\"wp-block-heading\"><strong>Th\u00f4ng b\u00e1o<\/strong><\/h6>\n\n\n\n<p>Cas c\u00f3 th\u1ec3 cung c\u1ea5p th\u00f4ng b\u00e1o ho\u1eb7c g\u1eedi th\u00f4ng tin li\u00ean l\u1ea1c \u0111\u1ebfn ng\u01b0\u1eddi d\u00f9ng th\u00f4ng qua \u0111\u1ecba ch\u1ec9 email \u0111\u00e3 li\u00ean k\u1ebft v\u1edbi h\u1ed3 s\u01a1 Cas c\u1ee7a ng\u01b0\u1eddi d\u00f9ng, th\u00f4ng qua \u1ee9ng d\u1ee5ng Cas, ho\u1eb7c b\u1eb1ng c\u00e1c ph\u01b0\u01a1ng th\u1ee9c h\u1ee3p l\u00fd kh\u00e1c.<\/p>\n\n\n\n<p>M\u1ecdi th\u00f4ng b\u00e1o, y\u00eau c\u1ea7u ho\u1eb7c th\u00f4ng tin li\u00ean l\u1ea1c kh\u00e1c g\u1eedi \u0111\u1ebfn Cas theo Th\u1ecfa thu\u1eadn n\u00e0y ph\u1ea3i \u0111\u01b0\u1ee3c th\u1ef1c hi\u1ec7n b\u1eb1ng v\u0103n b\u1ea3n, g\u1eedi \u0111\u1ebfn v\u0103n ph\u00f2ng c\u1ee7a Cas t\u1ea1i \u0111\u1ecba ch\u1ec9:<br>C\u00f4ng Ty TNHH CASSO, \u0110\u1ea1i h\u1ecdc Qu\u1ed1c gia Th\u00e0nh ph\u1ed1 H\u1ed3 Ch\u00ed Minh, I.102D Khu C\u00f4ng Ngh\u1ec7 Ph\u1ea7n M\u1ec1m, Khu Ph\u1ed1 6, Th\u1ee7 \u0110\u1ee9c, Th\u00e0nh ph\u1ed1 H\u1ed3 Ch\u00ed Minh<strong><br><\/strong> (\u0111\u1ed3ng th\u1eddi g\u1eedi qua email: <strong>cskh@cas.so<\/strong>).<\/p>\n\n\n\n<p>Th\u00f4ng b\u00e1o s\u1ebd \u0111\u01b0\u1ee3c xem l\u00e0 \u0111\u00e3 g\u1eedi h\u1ee3p l\u1ec7 t\u1ea1i th\u1eddi \u0111i\u1ec3m \u0111\u01b0\u1ee3c giao \u0111\u1ebfn \u0111\u1ecba ch\u1ec9 n\u00eau tr\u00ean.<\/p>\n\n\n\n<h6 class=\"wp-block-heading\"><strong>K\u1ebft th\u00fac Th\u1ecfa thu\u1eadn n\u00e0y.<\/strong><\/h6>\n\n\n\n<p>Cas c\u00f3 quy\u1ec1n, v\u00e0o b\u1ea5t k\u1ef3 th\u1eddi \u0111i\u1ec3m n\u00e0o v\u00e0 theo quy\u1ebft \u0111\u1ecbnh ri\u00eang c\u1ee7a m\u00ecnh, ch\u1ea5m d\u1ee9t ho\u1eb7c t\u1ea1m ng\u01b0ng Th\u1ecfa thu\u1eadn n\u00e0y (bao g\u1ed3m c\u1ea3 vi\u1ec7c ng\u01b0\u1eddi d\u00f9ng truy c\u1eadp ho\u1eb7c s\u1eed d\u1ee5ng N\u1ec1n t\u1ea3ng), c\u00f3 ho\u1eb7c kh\u00f4ng c\u00f3 th\u00f4ng b\u00e1o tr\u01b0\u1edbc, v\u00ec b\u1ea5t k\u1ef3 l\u00fd do n\u00e0o ho\u1eb7c kh\u00f4ng c\u1ea7n l\u00fd do, bao g\u1ed3m nh\u01b0ng kh\u00f4ng gi\u1edbi h\u1ea1n trong tr\u01b0\u1eddng h\u1ee3p Cas c\u00f3 c\u01a1 s\u1edf nghi ng\u1edd r\u1eb1ng ng\u01b0\u1eddi d\u00f9ng \u0111\u00e3 vi ph\u1ea1m Th\u1ecfa thu\u1eadn n\u00e0y.<\/p>\n\n\n\n<p>Vi\u1ec7c ch\u1ea5m d\u1ee9t ho\u1eb7c \u0111\u00ecnh ch\u1ec9 nh\u01b0 v\u1eady s\u1ebd kh\u00f4ng l\u00e0m ph\u00e1t sinh b\u1ea5t k\u1ef3 tr\u00e1ch nhi\u1ec7m ph\u00e1p l\u00fd n\u00e0o c\u1ee7a Cas \u0111\u1ed1i v\u1edbi ng\u01b0\u1eddi d\u00f9ng, v\u00e0 c\u0169ng kh\u00f4ng h\u1ea1n ch\u1ebf b\u1ea5t k\u1ef3 quy\u1ec1n ho\u1eb7c bi\u1ec7n ph\u00e1p kh\u1eafc ph\u1ee5c n\u00e0o kh\u00e1c m\u00e0 Cas c\u00f3 th\u1ec3 c\u00f3 theo ph\u00e1p lu\u1eadt ho\u1eb7c theo Th\u1ecfa thu\u1eadn n\u00e0y.<\/p>\n\n\n\n<p>Ngo\u1ea1i tr\u1eeb quy\u1ec1n truy c\u1eadp v\u00e0 s\u1eed d\u1ee5ng N\u1ec1n t\u1ea3ng, t\u1ea5t c\u1ea3 c\u00e1c \u0111i\u1ec1u kho\u1ea3n kh\u00e1c c\u1ee7a Th\u1ecfa thu\u1eadn n\u00e0y s\u1ebd v\u1eabn c\u00f3 hi\u1ec7u l\u1ef1c sau khi ch\u1ea5m d\u1ee9t.<\/p>\n\n\n\n<h6 class=\"wp-block-heading\"><strong>V\u1ec1 Th\u1ecfa thu\u1eadn n\u00e0y<\/strong><\/h6>\n\n\n\n<p>Ng\u01b0\u1eddi d\u00f9ng kh\u00f4ng \u0111\u01b0\u1ee3c chuy\u1ec3n nh\u01b0\u1ee3ng ho\u1eb7c chuy\u1ec3n giao Th\u1ecfa thu\u1eadn n\u00e0y m\u00e0 kh\u00f4ng c\u00f3 s\u1ef1 ch\u1ea5p thu\u1eadn tr\u01b0\u1edbc b\u1eb1ng v\u0103n b\u1ea3n c\u1ee7a Cas. Ng\u01b0\u1ee3c l\u1ea1i, Cas c\u00f3 th\u1ec3 t\u1ef1 do chuy\u1ec3n nh\u01b0\u1ee3ng ho\u1eb7c chuy\u1ec3n giao Th\u1ecfa thu\u1eadn n\u00e0y cho b\u1ea5t k\u1ef3 c\u00f4ng ty li\u00ean k\u1ebft n\u00e0o c\u1ee7a m\u00ecnh, ho\u1eb7c trong khu\u00f4n kh\u1ed5 c\u1ee7a m\u1ed9t th\u01b0\u01a1ng v\u1ee5 s\u00e1p nh\u1eadp, mua b\u00e1n, t\u00e1i c\u1ea5u tr\u00fac, ho\u1eb7c b\u1ea5t k\u1ef3 thay \u0111\u1ed5i n\u00e0o v\u1ec1 quy\u1ec1n ki\u1ec3m so\u00e1t. C\u00e1c c\u00f4ng ty li\u00ean k\u1ebft, nh\u00e0 th\u1ea7u v\u00e0 nh\u00e0 cung c\u1ea5p d\u1ecbch v\u1ee5 c\u1ee7a Cas c\u0169ng c\u00f3 th\u1ec3 thay m\u1eb7t Cas th\u1ef1c hi\u1ec7n c\u00e1c quy\u1ec1n ho\u1eb7c ngh\u0129a v\u1ee5 theo Th\u1ecfa thu\u1eadn n\u00e0y.<\/p>\n\n\n\n<p>B\u1ea5t k\u1ef3 s\u1ef1 mi\u1ec5n tr\u1eeb n\u00e0o li\u00ean quan \u0111\u1ebfn Th\u1ecfa thu\u1eadn n\u00e0y \u0111\u1ec1u ph\u1ea3i \u0111\u01b0\u1ee3c l\u1eadp th\u00e0nh v\u0103n b\u1ea3n v\u00e0 kh\u00f4ng \u0111\u01b0\u1ee3c suy di\u1ec5n t\u1eeb b\u1ea5t k\u1ef3 h\u00e0nh \u0111\u1ed9ng ho\u1eb7c s\u1ef1 im l\u1eb7ng n\u00e0o. N\u1ebfu b\u1ea5t k\u1ef3 \u0111i\u1ec1u kho\u1ea3n n\u00e0o c\u1ee7a Th\u1ecfa thu\u1eadn n\u00e0y b\u1ecb x\u00e1c \u0111\u1ecbnh l\u00e0 kh\u00f4ng th\u1ec3 th\u1ef1c thi b\u1edfi m\u1ed9t t\u00f2a \u00e1n c\u00f3 th\u1ea9m quy\u1ec1n, th\u00ec c\u00e1c \u0111i\u1ec1u kho\u1ea3n c\u00f2n l\u1ea1i v\u1eabn c\u00f3 hi\u1ec7u l\u1ef1c \u0111\u1ea7y \u0111\u1ee7.<\/p>\n\n\n\n<p>Th\u1ecfa thu\u1eadn n\u00e0y c\u1ea5u th\u00e0nh to\u00e0n b\u1ed9 th\u1ecfa thu\u1eadn gi\u1eefa ng\u01b0\u1eddi d\u00f9ng v\u00e0 Cas li\u00ean quan \u0111\u1ebfn n\u1ed9i dung \u0111\u01b0\u1ee3c \u0111\u1ec1 c\u1eadp v\u00e0 thay th\u1ebf m\u1ecdi th\u1ecfa thu\u1eadn ho\u1eb7c hi\u1ec3u bi\u1ebft tr\u01b0\u1edbc \u0111\u00f3, d\u00f9 b\u1eb1ng v\u0103n b\u1ea3n hay b\u1eb1ng l\u1eddi n\u00f3i. C\u00e1c ti\u00eau \u0111\u1ec1 trong Th\u1ecfa thu\u1eadn n\u00e0y ch\u1ec9 mang t\u00ednh ch\u1ea5t tham kh\u1ea3o v\u00e0 kh\u00f4ng \u1ea3nh h\u01b0\u1edfng \u0111\u1ebfn vi\u1ec7c gi\u1ea3i th\u00edch n\u1ed9i dung. Thu\u1eadt ng\u1eef \u201cbao g\u1ed3m\u201d (v\u00e0 c\u00e1c thu\u1eadt ng\u1eef t\u01b0\u01a1ng \u0111\u01b0\u01a1ng) \u0111\u01b0\u1ee3c hi\u1ec3u l\u00e0 \u201cbao g\u1ed3m nh\u01b0ng kh\u00f4ng gi\u1edbi h\u1ea1n\u201d.<\/p>\n\n\n\n<p>Cas c\u00f3 quy\u1ec1n s\u1eeda \u0111\u1ed5i Th\u1ecfa thu\u1eadn n\u00e0y theo th\u1eddi gian. Tr\u1eeb khi \u0111\u01b0\u1ee3c quy \u0111\u1ecbnh kh\u00e1c, c\u00e1c s\u1eeda \u0111\u1ed5i s\u1ebd c\u00f3 hi\u1ec7u l\u1ef1c khi \u0111\u01b0\u1ee3c c\u00f4ng b\u1ed1 v\u00e0 s\u1ebd \u00e1p d\u1ee5ng cho vi\u1ec7c ng\u01b0\u1eddi d\u00f9ng ti\u1ebfp t\u1ee5c s\u1eed d\u1ee5ng N\u1ec1n t\u1ea3ng (bao g\u1ed3m \u1ee9ng d\u1ee5ng Cas v\u00e0 H\u1ed3 s\u01a1 Cas c\u1ee7a ng\u01b0\u1eddi d\u00f9ng). Cas s\u1ebd n\u1ed7 l\u1ef1c h\u1ee3p l\u00fd \u0111\u1ec3 th\u00f4ng b\u00e1o cho ng\u01b0\u1eddi d\u00f9ng v\u1ec1 c\u00e1c thay \u0111\u1ed5i, v\u00e0 ng\u01b0\u1eddi d\u00f9ng c\u00f3 th\u1ec3 c\u1ea7n \u0111\u1ed3ng \u00fd v\u1edbi phi\u00ean b\u1ea3n \u0111\u01b0\u1ee3c c\u1eadp nh\u1eadt \u0111\u1ec3 ti\u1ebfp t\u1ee5c s\u1eed d\u1ee5ng. N\u1ebfu ng\u01b0\u1eddi d\u00f9ng kh\u00f4ng \u0111\u1ed3ng \u00fd v\u1edbi c\u00e1c s\u1eeda \u0111\u1ed5i, bi\u1ec7n ph\u00e1p kh\u1eafc ph\u1ee5c duy nh\u1ea5t l\u00e0 ng\u1eebng s\u1eed d\u1ee5ng N\u1ec1n t\u1ea3ng.<\/p>\n","protected":false},"excerpt":{"rendered":"<p>C\u1ea3m \u01a1n b\u1ea1n \u0111\u00e3 s\u1eed d\u1ee5ng Cas! <\/p>\n","protected":false},"author":1,"featured_media":560,"parent":0,"menu_order":0,"comment_status":"closed","ping_status":"closed","template":"","meta":{"inline_featured_image":false,"footnotes":""},"class_list":["post-175","page","type-page","status-publish","has-post-thumbnail","hentry"],"_links":{"self":[{"href":"https:\/\/cas.so\/cas-id\/wp-json\/wp\/v2\/pages\/175","targetHints":{"allow":["GET"]}}],"collection":[{"href":"https:\/\/cas.so\/cas-id\/wp-json\/wp\/v2\/pages"}],"about":[{"href":"https:\/\/cas.so\/cas-id\/wp-json\/wp\/v2\/types\/page"}],"author":[{"embeddable":true,"href":"https:\/\/cas.so\/cas-id\/wp-json\/wp\/v2\/users\/1"}],"replies":[{"embeddable":true,"href":"https:\/\/cas.so\/cas-id\/wp-json\/wp\/v2\/comments?post=175"}],"version-history":[{"count":0,"href":"https:\/\/cas.so\/cas-id\/wp-json\/wp\/v2\/pages\/175\/revisions"}],"wp:featuredmedia":[{"embeddable":true,"href":"https:\/\/cas.so\/cas-id\/wp-json\/"}],"wp:attachment":[{"href":"https:\/\/cas.so\/cas-id\/wp-json\/wp\/v2\/media?parent=175"}],"curies":[{"name":"wp","href":"https:\/\/api.w.org\/{rel}","templated":true}]}}