{"id":179,"date":"2023-05-20T19:31:01","date_gmt":"2023-05-20T19:31:01","guid":{"rendered":"https:\/\/bankhub.vn\/?page_id=179"},"modified":"2023-05-20T19:31:01","modified_gmt":"2023-05-20T19:31:01","slug":"doi-tac-ngan-hang","status":"publish","type":"page","link":"https:\/\/cas.so\/cas-id\/doi-tac-ngan-hang\/","title":{"rendered":"\u0110\u1ed1i t\u00e1c ng\u00e2n h\u00e0ng, t\u1ed5 ch\u1ee9c t\u00e0i ch\u00ednh"},"content":{"rendered":"<header class=\"header text-center\"  >\n\t\n\t\n\t\n\t<div class=\"container\">\n\t\t\n\t\t<h1 class=\"display-4 mb-6 fw-500\">L\u01b0u tr\u1eef<\/h1>\n\t<\/div>\n<\/header>\n\n<section class=\"section pt-3 pb-3\"  >\n\t\n\t\n\t\n\t<div class=\"container\">\n\t\t\n\t\t<div class=\"row gap-y align-items-center\">\n  \n\n  <div class=\"col-lg-6 text-center text-lg-left\">\n    <h3>Ng\u00e2n h\u00e0ng TMCP C\u00f4ng th\u01b0\u01a1ng Vi\u1ec7t Nam<\/h3>\n    <p><strong>Bank Code<\/strong>: Vietinbank<br><strong>Portal<\/strong>: https:\/\/developer.vietinbank.vn<br><strong>Year<\/strong>: 2021<br><\/p>\n    <br>\n    <a class=\"btn btn-outline-primary btn-md hide\" href=\"#\" > Read More <i class=\"ti-arrow-right fs-9 ml-2\"><\/i><\/a>\n  <\/div>\n\n  <div class=\"col-lg-5 mx-auto\"><img decoding=\"async\" class=\"rounded\" src=\"https:\/\/cas.so\/cas-id\/wp-content\/uploads\/sites\/12\/2023\/05\/vietinbank.png\" alt=\"Alternative Text\" \/><\/div>\n<\/div>\n\t<\/div>\n<\/section>\n\n<section class=\"section pt-3 pb-3\"  >\n\t\n\t\n\t\n\t<div class=\"container\">\n\t\t\n\t\t<div class=\"row gap-y align-items-center\">\n  \n\n  <div class=\"col-lg-6 text-center text-lg-left\">\n    <h3>Ng\u00e2n h\u00e0ng Th\u01b0\u01a1ng m\u1ea1i C\u1ed5 ph\u1ea7n Ph\u01b0\u01a1ng \u0110\u00f4ng<\/h3>\n    <p><strong>Bank Code<\/strong>: OCB<br><strong>Portal<\/strong>: <a href=\"https:\/\/partner.api.ocb.com.vn\/\">https:\/\/partner.api.ocb.com.vn\/<\/a><br><strong>Year<\/strong>: 2022<br><\/p>\n    <br>\n    <a class=\"btn btn-outline-primary btn-md hide\" href=\"#\" > Read More <i class=\"ti-arrow-right fs-9 ml-2\"><\/i><\/a>\n  <\/div>\n\n  <div class=\"col-lg-5 mx-auto\"><img decoding=\"async\" class=\"rounded\" src=\"https:\/\/cas.so\/cas-id\/wp-content\/uploads\/sites\/12\/2023\/05\/ocb-api-1.png\" alt=\"Alternative Text\" \/><\/div>\n<\/div>\n\t<\/div>\n<\/section>\n\n\n<div style=\"height:200px\" aria-hidden=\"true\" class=\"wp-block-spacer\"><\/div>\n","protected":false},"excerpt":{"rendered":"<p>Cas gi\u00fap ng\u00e2n h\u00e0ng ngay l\u1eadp t\u1ee9c m\u1edf ra m\u1ed9t ch\u00e2n tr\u1eddi c\u00e1c \u1ee9ng d\u1ee5ng, d\u1ecbch v\u1ee5 t\u00e0i ch\u00ednh m\u1edbi cho kh\u00e1ch h\u00e0ng<\/p>\n","protected":false},"author":1,"featured_media":132,"parent":0,"menu_order":0,"comment_status":"closed","ping_status":"closed","template":"","meta":{"inline_featured_image":false,"footnotes":""},"class_list":["post-179","page","type-page","status-publish","has-post-thumbnail","hentry"],"_links":{"self":[{"href":"https:\/\/cas.so\/cas-id\/wp-json\/wp\/v2\/pages\/179","targetHints":{"allow":["GET"]}}],"collection":[{"href":"https:\/\/cas.so\/cas-id\/wp-json\/wp\/v2\/pages"}],"about":[{"href":"https:\/\/cas.so\/cas-id\/wp-json\/wp\/v2\/types\/page"}],"author":[{"embeddable":true,"href":"https:\/\/cas.so\/cas-id\/wp-json\/wp\/v2\/users\/1"}],"replies":[{"embeddable":true,"href":"https:\/\/cas.so\/cas-id\/wp-json\/wp\/v2\/comments?post=179"}],"version-history":[{"count":0,"href":"https:\/\/cas.so\/cas-id\/wp-json\/wp\/v2\/pages\/179\/revisions"}],"wp:featuredmedia":[{"embeddable":true,"href":"https:\/\/cas.so\/cas-id\/wp-json\/"}],"wp:attachment":[{"href":"https:\/\/cas.so\/cas-id\/wp-json\/wp\/v2\/media?parent=179"}],"curies":[{"name":"wp","href":"https:\/\/api.w.org\/{rel}","templated":true}]}}