{"id":198,"date":"2023-05-20T20:11:52","date_gmt":"2023-05-20T20:11:52","guid":{"rendered":"https:\/\/bankhub.vn\/?page_id=198"},"modified":"2023-05-20T20:11:52","modified_gmt":"2023-05-20T20:11:52","slug":"can-cu-phap-ly","status":"publish","type":"page","link":"https:\/\/cas.so\/cas-id\/can-cu-phap-ly\/","title":{"rendered":"C\u0103n c\u1ee9 ph\u00e1p l\u00fd"},"content":{"rendered":"<header class=\"header pb-0 text-center\"  >\n\t\n\t\n\t\n\t<div class=\"container\">\n\t\t\n\t\t<h1 class=\"display-4 mb-6 fw-500\">L\u01b0u tr\u1eef<\/h1>\n\t<\/div>\n<\/header>\n\n\n<p>M\u1ed9t s\u1ed1 v\u0103n b\u1ea3n ph\u00e1p lu\u1eadt li\u00ean quan t\u1edbi ng\u00e2n h\u00e0ng m\u1edf.<\/p>\n\n\n\n<figure class=\"wp-block-table\"><table><thead><tr><th>STT<\/th><th>Lo\u1ea1i v\u0103n b\u1ea3n<\/th><th>S\u1ed1\/K\u00fd hi\u1ec7u<\/th><th>Ng\u00e0y ban h\u00e0nh<\/th><th>T\u00ean ban h\u00e0nh<\/th><th>Ng\u00e0y hi\u1ec7u l\u1ef1c<\/th><th><\/th><\/tr><\/thead><tbody><tr><td>1<\/td><td>Ngh\u1ecb \u0111\u1ecbnh<\/td><td>117\/2018\/N\u0110-CP<\/td><td>11-09-2018<\/td><td>V\u1ec1 vi\u1ec7c gi\u1eef b\u00ed m\u1eadt, cung c\u1ea5p th\u00f4ng tin kh\u00e1ch h\u00e0ng c\u1ee7a t\u1ed5 ch\u1ee9c t\u00edn d\u1ee5ng, chi nh\u00e1nh ng\u00e2n h\u00e0ng n\u01b0\u1edbc ngo\u00e0i<\/td><td>01-11-2018<\/td><td><a href=\"https:\/\/datafiles.chinhphu.vn\/cpp\/files\/vbpq\/2018\/09\/117.signed.pdf\" target=\"_blank\" rel=\"noreferrer noopener\">T\u1ea3i xu\u1ed1ng<\/a><\/td><\/tr><tr><td>2<\/td><td>Ngh\u1ecb \u0111\u1ecbnh<\/td><td>13\/2023\/N\u0110-CP<\/td><td>17-04-2023<\/td><td>B\u1ea3o v\u1ec7 d\u1eef li\u1ec7u c\u00e1 nh\u00e2n<\/td><td>01-07-2023<\/td><td><a href=\"https:\/\/datafiles.chinhphu.vn\/cpp\/files\/vbpq\/2023\/4\/13nd.signed.pdf\" target=\"_blank\" rel=\"noreferrer noopener\">T\u1ea3i xu\u1ed1ng<\/a><\/td><\/tr><tr><td>3<\/td><td>Ngh\u1ecb \u0111\u1ecbnh<br>(D\u1ef1 th\u1ea3o)<\/td><td><\/td><td>01-04-2022<br>04-03-2024<\/td><td>D\u1ef1 th\u1ea3o C\u01a1 ch\u1ebf th\u1eed nghi\u1ec7m c\u00f3 ki\u1ec3m so\u00e1t ho\u1ea1t \u0111\u1ed9ng c\u00f4ng ngh\u1ec7 t\u00e0i ch\u00ednh trong l\u0129nh v\u1ef1c ng\u00e2n h\u00e0ng<\/td><td><\/td><td><a href=\"https:\/\/datafiles.chinhphu.vn\/cpp\/files\/vanban\/dt-nd-nhnn.doc\">T\u1ea3i xu\u1ed1ng<\/a><br><a href=\"https:\/\/datafiles.chinhphu.vn\/cpp\/files\/vbpq\/duthaondcochethunghiem.doc\">L\u1ea7n 2<\/a><\/td><\/tr><tr><td>4<\/td><td>Th\u00f4ng t\u01b0<br>(D\u1ef1 th\u1ea3o)<\/td><td><\/td><td>23-07-2024<\/td><td>D\u1ef1 th\u1ea3o Th\u00f4ng t\u01b0 quy \u0111\u1ecbnh v\u1ec1 tri\u1ec3n khai giao di\u1ec7n l\u1eadp tr\u00ecnh \u1ee9ng d\u1ee5ng m\u1edf trong ng\u00e0nh Ng\u00e2n h\u00e0ng<\/td><td><\/td><td><a href=\"https:\/\/datafiles.chinhphu.vn\/cpp\/files\/vbpq\/1.du-thao-chi-tiet-thong-tu-open.doc\">T\u1ea3i th\u00f4ng t\u01b0<\/a><br><a href=\"https:\/\/datafiles.chinhphu.vn\/cpp\/files\/vbpq\/1.1.-pl_01_tieuchuankythuat.docx\">Ph\u1ee5 l\u1ee5c 1<br><\/a><a href=\"https:\/\/datafiles.chinhphu.vn\/cpp\/files\/vbpq\/1.2.-pl_02_dshamapi_11072024.docx\">Ph\u1ee5 l\u1ee5c  2<\/a><\/td><\/tr><\/tbody><\/table><\/figure>\n\n\n\n<p><\/p>\n","protected":false},"excerpt":{"rendered":"<p>Ngh\u1ecb \u0111inh 117\/2018\/N\u0110-CP V\u1ec1 vi\u1ec7c gi\u1eef b\u00ed m\u1eadt, cung c\u1ea5p th\u00f4ng tin kh\u00e1ch h\u00e0ng c\u1ee7a t\u1ed5 ch\u1ee9c t\u00edn d\u1ee5ng, chi nh\u00e1nh ng\u00e2n h\u00e0ng n\u01b0\u1edbc ngo\u00e0i<\/p>\n","protected":false},"author":1,"featured_media":577,"parent":0,"menu_order":0,"comment_status":"closed","ping_status":"closed","template":"","meta":{"inline_featured_image":false,"footnotes":""},"class_list":["post-198","page","type-page","status-publish","has-post-thumbnail","hentry"],"_links":{"self":[{"href":"https:\/\/cas.so\/cas-id\/wp-json\/wp\/v2\/pages\/198","targetHints":{"allow":["GET"]}}],"collection":[{"href":"https:\/\/cas.so\/cas-id\/wp-json\/wp\/v2\/pages"}],"about":[{"href":"https:\/\/cas.so\/cas-id\/wp-json\/wp\/v2\/types\/page"}],"author":[{"embeddable":true,"href":"https:\/\/cas.so\/cas-id\/wp-json\/wp\/v2\/users\/1"}],"replies":[{"embeddable":true,"href":"https:\/\/cas.so\/cas-id\/wp-json\/wp\/v2\/comments?post=198"}],"version-history":[{"count":0,"href":"https:\/\/cas.so\/cas-id\/wp-json\/wp\/v2\/pages\/198\/revisions"}],"wp:featuredmedia":[{"embeddable":true,"href":"https:\/\/cas.so\/cas-id\/wp-json\/"}],"wp:attachment":[{"href":"https:\/\/cas.so\/cas-id\/wp-json\/wp\/v2\/media?parent=198"}],"curies":[{"name":"wp","href":"https:\/\/api.w.org\/{rel}","templated":true}]}}