{"id":200,"date":"2023-05-20T20:22:29","date_gmt":"2023-05-20T20:22:29","guid":{"rendered":"https:\/\/bankhub.vn\/?page_id=200"},"modified":"2023-05-20T20:22:29","modified_gmt":"2023-05-20T20:22:29","slug":"quy-dau-tu","status":"publish","type":"page","link":"https:\/\/cas.so\/cas-id\/quy-dau-tu\/","title":{"rendered":"Qu\u1ef9 \u0111\u1ea7u t\u01b0"},"content":{"rendered":"<header class=\"header text-center\"  >\n\t\n\t\n\t\n\t<div class=\"container\">\n\t\t\n\t\t<h1 class=\"display-4 mb-6 fw-500\">L\u01b0u tr\u1eef<\/h1>\n\t<\/div>\n<\/header>\n\n\n<p><\/p>\n\n\n<section class=\"section pt-3 pb-3\"  >\n\t\n\t\n\t\n\t<div class=\"container\">\n\t\t\n\t\t<div class=\"row gap-y align-items-center\">\n  <div class=\"col-lg-5 mx-auto\"><img decoding=\"async\" class=\"rounded\" src=\"https:\/\/cas.so\/cas-id\/wp-content\/uploads\/sites\/12\/2023\/05\/vissa-fund-casso.jpeg\" alt=\"Alternative Text\" \/><\/div>\n\n  <div class=\"col-lg-6 text-center text-lg-left\">\n    <h3>Vietnam Innovative Startups Accelerator (VIISA)<\/h3>\n    <p>VIISA l\u00e0 qu\u1ef9 \u0111\u1ea7u t\u01b0 giai \u0111o\u1ea1n s\u1edbm, th\u00e0nh l\u1eadp t\u1eeb 2016, v\u1edbi hai c\u1ed5 \u0111\u00f4ng l\u00e0 T\u1eadp \u0111o\u00e0n FPT v\u00e0 Qu\u1ef9 \u0111\u1ea7u t\u01b0 Dragon Capital.<br><strong>Round<\/strong>: Pre-seed<br><strong>Year<\/strong> : 2021<br><br><\/p>\n    <br>\n    <a class=\"btn btn-outline-primary btn-md hide\" href=\"#\" > XEM TH\u00caM <i class=\"ti-arrow-right fs-9 ml-2\"><\/i><\/a>\n  <\/div>\n\n  \n<\/div>\n\t<\/div>\n<\/section>\n\n\n<div style=\"height:400px\" aria-hidden=\"true\" class=\"wp-block-spacer\"><\/div>\n\n\n\n<p><\/p>\n\n\n\n<p><\/p>\n\n\n\n<p><\/p>\n","protected":false},"excerpt":{"rendered":"<p>Casso \u0111\u01b0\u1ee3c \u0111\u1ea7u t\u01b0 b\u1edfi VIISA (FPT &#038; Dragon Capital)<\/p>\n","protected":false},"author":1,"featured_media":311,"parent":0,"menu_order":0,"comment_status":"closed","ping_status":"closed","template":"","meta":{"inline_featured_image":false,"footnotes":""},"class_list":["post-200","page","type-page","status-publish","has-post-thumbnail","hentry"],"_links":{"self":[{"href":"https:\/\/cas.so\/cas-id\/wp-json\/wp\/v2\/pages\/200","targetHints":{"allow":["GET"]}}],"collection":[{"href":"https:\/\/cas.so\/cas-id\/wp-json\/wp\/v2\/pages"}],"about":[{"href":"https:\/\/cas.so\/cas-id\/wp-json\/wp\/v2\/types\/page"}],"author":[{"embeddable":true,"href":"https:\/\/cas.so\/cas-id\/wp-json\/wp\/v2\/users\/1"}],"replies":[{"embeddable":true,"href":"https:\/\/cas.so\/cas-id\/wp-json\/wp\/v2\/comments?post=200"}],"version-history":[{"count":0,"href":"https:\/\/cas.so\/cas-id\/wp-json\/wp\/v2\/pages\/200\/revisions"}],"wp:featuredmedia":[{"embeddable":true,"href":"https:\/\/cas.so\/cas-id\/wp-json\/"}],"wp:attachment":[{"href":"https:\/\/cas.so\/cas-id\/wp-json\/wp\/v2\/media?parent=200"}],"curies":[{"name":"wp","href":"https:\/\/api.w.org\/{rel}","templated":true}]}}