{"id":202,"date":"2023-05-20T20:22:51","date_gmt":"2023-05-20T20:22:51","guid":{"rendered":"https:\/\/bankhub.vn\/?page_id=202"},"modified":"2023-05-20T20:22:51","modified_gmt":"2023-05-20T20:22:51","slug":"truong-vien-nghien-cuu","status":"publish","type":"page","link":"https:\/\/cas.so\/cas-id\/truong-vien-nghien-cuu\/","title":{"rendered":"Nghi\u00ean c\u1ee9u &#038; \u0111\u00e0o t\u1ea1o"},"content":{"rendered":"<header class=\"header text-center\"  >\n\t\n\t\n\t\n\t<div class=\"container\">\n\t\t\n\t\t<h1 class=\"display-4 mb-6 fw-500\">L\u01b0u tr\u1eef<\/h1>\n\t<\/div>\n<\/header>\n\n<section class=\"section pt-3 pb-3\"  >\n\t\n\t\n\t\n\t<div class=\"container\">\n\t\t\n\t\t<div class=\"row gap-y align-items-center\">\n  <div class=\"col-lg-5 mx-auto\"><img decoding=\"async\" class=\"rounded\" src=\"https:\/\/cas.so\/cas-id\/wp-content\/uploads\/sites\/12\/2023\/05\/casso-x-iec.png\" alt=\"Alternative Text\" \/><\/div>\n\n  <div class=\"col-lg-6 text-center text-lg-left\">\n    <h3>Trung t\u00e2m Kh\u1edfi nghi\u1ec7p \u0110\u1ed5i m\u1edbi s\u00e1ng t\u1ea1o \u0110\u1ea1i H\u1ecdc Qu\u1ed1c Gia HCM (IEC)<\/h3>\n    <p>IEC l\u00e0 m\u1ed9t trung t\u00e2m tr\u1ef1c thu\u1ed9c \u0110\u1ea1i h\u1ecdc Qu\u1ed1c Gia HCM, v\u1edbi vai tr\u00f2 th\u00fac \u0111\u1ea9y kh\u1edfi nghi\u1ec7p \u0111\u1ed5i m\u1edbi s\u00e1ng t\u1ea1o cho sinh vi\u00ean. IEC l\u00e0 \u0111\u01a1n v\u1ecb t\u1ed5 ch\u1ee9c cu\u1ed9c thi kh\u1edfi nghi\u1ec7p sinh vi\u00ean l\u1edbn nh\u1ea5t c\u1ea3 n\u01b0\u1edbc <a href=\"https:\/\/cic.itp.vn\/\" target=\"_blank\" rel=\"noreferrer noopener\">Creative Idea Challenge<\/a>.<br>T\u1eeb 2020, Casso ph\u1ed1i h\u1ee3p c\u00f9ng IEC h\u1ed7 tr\u1ee3 \u0111\u00e0o t\u1ea1o &amp; t\u01b0 v\u1ea5n c\u00f4ng ngh\u1ec7 cho c\u00e1c startup Fintech trong h\u1ec7 sinh th\u00e1i kh\u1edfi nghi\u1ec7p IEC.<br>Website: <a href=\"https:\/\/iec.itp.vn\">https:\/\/iec.itp.vn<\/a> <\/p>\n    <br>\n    <a class=\"btn btn-outline-primary btn-md hide\" href=\"#\" > XEM TH\u00caM <i class=\"ti-arrow-right fs-9 ml-2\"><\/i><\/a>\n  <\/div>\n\n  \n<\/div>\n\t<\/div>\n<\/section>\n\n\n<div style=\"height:400px\" aria-hidden=\"true\" class=\"wp-block-spacer\"><\/div>\n","protected":false},"excerpt":{"rendered":"<p>T\u1eeb 2020, Casso ph\u1ed1i h\u1ee3p c\u00f9ng IEC h\u1ed7 tr\u1ee3 \u0111\u00e0o t\u1ea1o &#038; t\u01b0 v\u1ea5n c\u00f4ng ngh\u1ec7 cho c\u00e1c startup Fintech trong h\u1ec7 sinh th\u00e1i kh\u1edfi nghi\u1ec7p IEC.<\/p>\n","protected":false},"author":1,"featured_media":303,"parent":0,"menu_order":0,"comment_status":"closed","ping_status":"closed","template":"","meta":{"inline_featured_image":false,"footnotes":""},"class_list":["post-202","page","type-page","status-publish","has-post-thumbnail","hentry"],"_links":{"self":[{"href":"https:\/\/cas.so\/cas-id\/wp-json\/wp\/v2\/pages\/202","targetHints":{"allow":["GET"]}}],"collection":[{"href":"https:\/\/cas.so\/cas-id\/wp-json\/wp\/v2\/pages"}],"about":[{"href":"https:\/\/cas.so\/cas-id\/wp-json\/wp\/v2\/types\/page"}],"author":[{"embeddable":true,"href":"https:\/\/cas.so\/cas-id\/wp-json\/wp\/v2\/users\/1"}],"replies":[{"embeddable":true,"href":"https:\/\/cas.so\/cas-id\/wp-json\/wp\/v2\/comments?post=202"}],"version-history":[{"count":0,"href":"https:\/\/cas.so\/cas-id\/wp-json\/wp\/v2\/pages\/202\/revisions"}],"wp:featuredmedia":[{"embeddable":true,"href":"https:\/\/cas.so\/cas-id\/wp-json\/"}],"wp:attachment":[{"href":"https:\/\/cas.so\/cas-id\/wp-json\/wp\/v2\/media?parent=202"}],"curies":[{"name":"wp","href":"https:\/\/api.w.org\/{rel}","templated":true}]}}