{"id":44,"date":"2023-03-15T11:05:35","date_gmt":"2023-03-15T11:05:35","guid":{"rendered":"https:\/\/sites.casso.vn\/bankhub-vn\/?page_id=44"},"modified":"2025-05-21T15:49:56","modified_gmt":"2025-05-21T15:49:56","slug":"an-toan-du-lieu","status":"publish","type":"page","link":"https:\/\/cas.so\/cas-id\/an-toan-du-lieu\/","title":{"rendered":"An to\u00e0n d\u1eef li\u1ec7u"},"content":{"rendered":"<header class=\"header pb-0 text-center\"  >\n\t\n\t\n\t\n\t<div class=\"container\">\n\t\t\n\t\t<h1 class=\"display-4 mb-6 fw-500\">L\u01b0u tr\u1eef<\/h1>\n\t<\/div>\n<\/header>\n\n\n<h3 class=\"wp-block-heading\"><strong>Ch\u00fang t\u00f4i gi\u00fap gi\u1eef an to\u00e0n cho d\u1eef li\u1ec7u c\u1ee7a b\u1ea1n<\/strong><\/h3>\n\n\n\n<p>Th\u00f4ng tin t\u00e0i ch\u00ednh c\u1ee7a b\u1ea1n v\u1eeba mang t\u00ednh c\u00e1 nh\u00e2n v\u1eeba c\u00f3 s\u1ee9c m\u1ea1nh \u2013 \u0111\u00f3 l\u00e0 l\u00fd do t\u1ea1i sao b\u1ea3o m\u1eadt l\u00e0 \u01b0u ti\u00ean h\u00e0ng \u0111\u1ea7u khi ch\u00fang t\u00f4i thi\u1ebft k\u1ebf c\u00e1c s\u1ea3n ph\u1ea9m, ch\u00ednh s\u00e1ch v\u00e0 tri\u1ec3n khai th\u1ef1c t\u1ebf c\u1ee7a m\u00ecnh. Ch\u01b0\u01a1ng tr\u00ecnh b\u1ea3o m\u1eadt th\u00f4ng tin c\u1ee7a ch\u00fang t\u00f4i \u0111\u01b0\u1ee3c thi\u1ebft k\u1ebf \u0111\u1ec3 \u0111\u00e1p \u1ee9ng ho\u1eb7c v\u01b0\u1ee3t qu\u00e1 c\u00e1c ti\u00eau chu\u1ea9n ng\u00e0nh v\u00e0 ch\u00fang t\u00f4i s\u1eed d\u1ee5ng nhi\u1ec1u bi\u1ec7n ph\u00e1p ki\u1ec3m so\u00e1t kh\u00e1c nhau \u0111\u1ec3 gi\u1eef an to\u00e0n cho th\u00f4ng tin c\u00e1 nh\u00e2n c\u1ee7a b\u1ea1n.<\/p>\n\n\n<section class=\"section pt-5\"  >\n\t\n\t\n\t\n\t<div class=\"container\">\n\t\t\n\t\t<div class=\"row gap-y\">\n  <div class=\"col-md-6\">\n  <div class=\"media\">\n    <p class=\"mr-5 w-50px\"><i class=\"icon-mobile lead-6\" ><\/i><\/p>\n    <div class=\"media-body\">\n      <h6>M\u00e3 h\u00f3a d\u1eef li\u1ec7u<\/h6>\n      <p>S\u1ef1 k\u1ebft h\u1ee3p gi\u1eefa Ti\u00eau chu\u1ea9n m\u00e3 h\u00f3a n\u00e2ng cao (AES-256) v\u00e0 B\u1ea3o m\u1eadt t\u1ea7ng v\u1eadn chuy\u1ec3n (TLS) gi\u00fap gi\u1eef an to\u00e0n cho th\u00f4ng tin c\u00e1 nh\u00e2n c\u1ee7a b\u1ea1n.<\/p>\n    <\/div>\n  <\/div>\n<\/div><div class=\"col-md-6\">\n  <div class=\"media\">\n    <p class=\"mr-5 w-50px\"><i class=\"icon-recycle lead-6\" ><\/i><\/p>\n    <div class=\"media-body\">\n      <h6>X\u00e1c th\u1ef1c m\u1ea1nh<\/h6>\n      <p>Cas y\u00eau c\u1ea7u x\u00e1c th\u1ef1c \u0111a y\u1ebfu t\u1ed1 \u0111\u1ec3 t\u0103ng c\u01b0\u1eddng b\u1ea3o m\u1eadt nh\u1eb1m gi\u00fap b\u1ea3o v\u1ec7 d\u1eef li\u1ec7u c\u1ee7a b\u1ea1n trong h\u1ec7 th\u1ed1ng c\u1ee7a ch\u00fang t\u00f4i.<\/p>\n    <\/div>\n  <\/div>\n<\/div><div class=\"col-md-6\">\n  <div class=\"media\">\n    <p class=\"mr-5 w-50px\"><i class=\"icon-layers lead-6\" ><\/i><\/p>\n    <div class=\"media-body\">\n      <h6>C\u01a1 s\u1edf h\u1ea1 t\u1ea7ng \u0111\u00e1m m\u00e2y<\/h6>\n      <p>Cas s\u1eed d\u1ee5ng c\u00e1c c\u00f4ng ngh\u1ec7 c\u01a1 s\u1edf h\u1ea1 t\u1ea7ng \u0111\u00e1m m\u00e2y an to\u00e0n \u0111\u1ec3 gi\u00fap b\u1ea1n k\u1ebft n\u1ed1i nhanh ch\u00f3ng v\u00e0 an to\u00e0n.<\/p>\n    <\/div>\n  <\/div>\n<\/div><div class=\"col-md-6\">\n  <div class=\"media\">\n    <p class=\"mr-5 w-50px\"><i class=\"fa fa-eye lead-6\" ><\/i><\/p>\n    <div class=\"media-body\">\n      <h6>Gi\u00e1m s\u00e1t m\u1ea1nh m\u1ebd<\/h6>\n      <p>API Cas v\u00e0 t\u1ea5t c\u1ea3 c\u00e1c th\u00e0nh ph\u1ea7n li\u00ean quan \u0111\u01b0\u1ee3c nh\u00f3m b\u1ea3o m\u1eadt th\u00f4ng tin c\u1ee7a ch\u00fang t\u00f4i gi\u00e1m s\u00e1t li\u00ean t\u1ee5c.<\/p>\n    <\/div>\n  <\/div>\n<\/div><div class=\"col-md-6\">\n  <div class=\"media\">\n    <p class=\"mr-5 w-50px\"><i class=\"fa fa-star lead-6\" ><\/i><\/p>\n    <div class=\"media-body\">\n      <h6>Ki\u1ec3m tra b\u1ea3o m\u1eadt \u0111\u1ed9c l\u1eadp<\/h6>\n      <p>C\u00e1c nh\u00e0 nghi\u00ean c\u1ee9u b\u1ea3o m\u1eadt v\u00e0 t\u1ed5 ch\u1ee9c t\u00e0i ch\u00ednh th\u01b0\u1eddng xuy\u00ean ki\u1ec3m tra API c\u1ee7a Cas v\u00e0 c\u00e1c bi\u1ec7n ph\u00e1p ki\u1ec3m so\u00e1t b\u1ea3o m\u1eadt.<\/p>\n    <\/div>\n  <\/div>\n<\/div>\n<\/div>\n\t<\/div>\n<\/section>\n\n\n<h3 class=\"wp-block-heading\">B\u1ea1n \u0111\u01b0\u1ee3c ph\u1ee5c v\u1ee5 b\u1edfi \u0111\u1ed9i ng\u0169 xu\u1ea5t s\u1eafc &amp; t\u1eadn t\u00e2m<\/h3>\n\n\n\n<p>T\u1ea1i Cas, m\u00f4 h\u00ecnh kinh doanh c\u1ee7a ch\u00fang t\u00f4i &#8211; v\u00e0 danh ti\u1ebfng c\u1ee7a ch\u00fang t\u00f4i &#8211; ph\u1ee5 thu\u1ed9c v\u00e0o vi\u1ec7c gi\u1eef an to\u00e0n cho d\u1eef li\u1ec7u c\u1ee7a b\u1ea1n. \u0110i\u1ec1u \u0111\u00f3 c\u00f3 ngh\u0129a l\u00e0 Ch\u00fang t\u00f4i d\u00e0nh \u01b0u ti\u00ean nh\u1ea5t cho vi\u1ec7c l\u00e0m sao gi\u00fap gi\u1eef an to\u00e0n cho d\u1eef li\u1ec7u c\u1ee7a b\u1ea1n.<\/p>\n\n\n<section class=\"section pt-3 pb-3\"  >\n\t\n\t\n\t\n\t<div class=\"container\">\n\t\t\n\t\t<div class=\"row gap-y\">\n  <div class=\"col-lg-4\">\n  <div class=\"card card-body border\">\n    <h6 class=\"card-title\">200+ Nh\u00e0 ph\u00e1t tri\u1ec3n App<\/h6>\n    <p class=\"small-1\">H\u01a1n 200 nh\u00e0 ph\u00e1t tri\u1ec3n \u0111\u1ed3ng h\u00e0nh c\u00f9ng ch\u00fang t\u00f4i x\u00e2y d\u1ef1ng m\u1ed9t ch\u00e2n tr\u1eddi m\u1edbi nh\u1eefng \u1ee9ng d\u1ee5ng t\u00e0i ch\u00ednh m\u1edf<\/p>\n    <a class=\"small-3 fw-400\" href=\"https:\/\/cas.so\/cas-id\/doi-tac-ung-dung\/\">Xem th\u00eam <i class=\"fa fa-angle-right small-5 pl-1\"><\/i><\/a>\n  <\/div>\n<\/div><div class=\"col-lg-4\">\n  <div class=\"card card-body border\">\n    <h6 class=\"card-title\">100+ T\u1ed5 ch\u1ee9c t\u00e0i ch\u00ednh<\/h6>\n    <p class=\"small-1\">Cas k\u1ebft n\u1ed1i v\u1edbi h\u01a1n 1000 d\u1ecbch v\u1ee5 t\u00e0i ch\u00ednh bao g\u1ed3m: Ng\u00e2n h\u00e0ng, v\u00ed \u0111i\u00ean t\u1eed, c\u1ed5ng thanh to\u00e1n, ch\u1ee9ng kho\u00e1n, thu\u1ebf, b\u1ea3o hi\u1ec3m x\u00e3 h\u1ed9i&#8230;<\/p>\n    <a class=\"small-3 fw-400\" href=\"https:\/\/cas.so\/cas-id\/doi-tac-ngan-hang\/\">Xem th\u00eam <i class=\"fa fa-angle-right small-5 pl-1\"><\/i><\/a>\n  <\/div>\n<\/div><div class=\"col-lg-4\">\n  <div class=\"card card-body border\">\n    <h6 class=\"card-title\">5M+ truy c\u1eadp d\u1eef li\u1ec7u \/ th\u00e1ng<\/h6>\n    <p class=\"small-1\">Th\u00f4ng qua n\u1ec1n t\u1ea3ng ch\u00fang t\u00f4i, Kh\u00e1ch h\u00e0ng c\u00f3 m\u1ed9t gi\u1ea3i ph\u00e1p an to\u00e0n, ti\u1ec7n l\u1ee3i \u0111\u1ec3 c\u1ea5p quy\u1ec1n cho App truy v\u1ea5n h\u01a1n 5 tri\u1ec7u l\u01b0\u1ee3t \/ th\u00e1ng<\/p>\n    <a class=\"small-3 fw-400\" href=\"https:\/\/cas.so\/cas-id\/doi-tac-ung-dung\/\">Xem th\u00eam <i class=\"fa fa-angle-right small-5 pl-1\"><\/i><\/a>\n  <\/div>\n<\/div>\n<\/div>\n\t<\/div>\n<\/section>\n\n\n<div style=\"height:200px\" aria-hidden=\"true\" class=\"wp-block-spacer\"><\/div>\n","protected":false},"excerpt":{"rendered":"<p>B\u1ea3o m\u1eadt l\u00e0 \u01b0u ti\u00ean h\u00e0ng \u0111\u1ea7u khi ch\u00fang t\u00f4i thi\u1ebft k\u1ebf c\u00e1c s\u1ea3n ph\u1ea9m, ch\u00ednh s\u00e1ch v\u00e0 tri\u1ec3n khai th\u1ef1c t\u1ebf c\u1ee7a m\u00ecnh<\/p>\n","protected":false},"author":1,"featured_media":576,"parent":0,"menu_order":0,"comment_status":"closed","ping_status":"closed","template":"","meta":{"inline_featured_image":false,"footnotes":""},"class_list":["post-44","page","type-page","status-publish","has-post-thumbnail","hentry"],"_links":{"self":[{"href":"https:\/\/cas.so\/cas-id\/wp-json\/wp\/v2\/pages\/44","targetHints":{"allow":["GET"]}}],"collection":[{"href":"https:\/\/cas.so\/cas-id\/wp-json\/wp\/v2\/pages"}],"about":[{"href":"https:\/\/cas.so\/cas-id\/wp-json\/wp\/v2\/types\/page"}],"author":[{"embeddable":true,"href":"https:\/\/cas.so\/cas-id\/wp-json\/wp\/v2\/users\/1"}],"replies":[{"embeddable":true,"href":"https:\/\/cas.so\/cas-id\/wp-json\/wp\/v2\/comments?post=44"}],"version-history":[{"count":1,"href":"https:\/\/cas.so\/cas-id\/wp-json\/wp\/v2\/pages\/44\/revisions"}],"predecessor-version":[{"id":1082,"href":"https:\/\/cas.so\/cas-id\/wp-json\/wp\/v2\/pages\/44\/revisions\/1082"}],"wp:featuredmedia":[{"embeddable":true,"href":"https:\/\/cas.so\/cas-id\/wp-json\/"}],"wp:attachment":[{"href":"https:\/\/cas.so\/cas-id\/wp-json\/wp\/v2\/media?parent=44"}],"curies":[{"name":"wp","href":"https:\/\/api.w.org\/{rel}","templated":true}]}}