{"id":58,"date":"2023-03-15T11:16:00","date_gmt":"2023-03-15T11:16:00","guid":{"rendered":"https:\/\/sites.casso.vn\/bankhub-vn\/?page_id=58"},"modified":"2023-03-15T11:16:00","modified_gmt":"2023-03-15T11:16:00","slug":"ve-bankhub","status":"publish","type":"page","link":"https:\/\/cas.so\/cas-id\/ve-bankhub\/","title":{"rendered":"V\u1ec1 Cas"},"content":{"rendered":"\n\n\n\n<section class=\"section bt-1 pt-11\"  >\n\t\n\t\n\t\n\t<div class=\"container\">\n\t\t\n\t\t<div class=\"row gap-y\">\n  <div class=\"col-md-3 mr-md-auto\">\n    <p class=\"lead-4 text-right\">Ng\u00e2n h\u00e0ng m\u1edf cho Vi\u1ec7t Nam<\/p>\n  <\/div>\n\n  <div class=\"col-md-4\">\n    <h6>Our Mission<\/h6>\n    <p>X\u00e2y d\u1ef1ng h\u1ea1 t\u1ea7ng &amp; h\u1ec7 sinh th\u00e1i ng\u00e2n h\u00e0ng m\u1edf t\u1ed1t nh\u1ea5t th\u1ebf gi\u1edbi cho \u0111\u1ea5t n\u01b0\u1edbc.<\/p>\n  <\/div>\n\n  <div class=\"col-md-4\">\n    <h6>Our Vision<\/h6>\n    <p>M\u1ed7i doanh nghi\u1ec7p l\u00e0 m\u1ed9t ng\u00e2n h\u00e0ng s\u1ed1<\/p>\n  <\/div>\n<\/div>\n\t<\/div>\n<\/section>\n\n<section class=\"section pt-0\"  style=\"background-color: #fff;\">\n\t\n\t\n\t\n\t<div class=\"container\">\n\t\t\n\t\t<div class=\"row align-items-center h-100\">\n  <div class=\"col-md-7 mx-auto\">\n    <h1>About us<\/h1>\n    <p class=\"lead-3\"><strong>Cas<\/strong> l\u00e0 m\u1ed9t s\u1ea3n ph\u1ea9m c\u1ee7a Casso, m\u1ed9t n\u1ed7 l\u1ef1c nh\u1eb1m x\u00e2y d\u1ef1ng m\u1ed9t h\u1ea1 t\u1ea7ng th\u00fac \u0111\u1ea9y \u1ee9ng d\u1ee5ng ng\u00e2n h\u00e0ng m\u1edf  t\u1ea1i Vi\u1ec7t Nam.<br>Th\u00f4ng tin c\u00f4ng ty:<br>&#8211; T\u00ean : C\u00f4ng  Ty TNHH CASSO<br>&#8211; MST: 0316794479<br>&#8211; \u0110\u1ecba ch\u1ec9: I.102D, Khu C\u00f4ng ngh\u1ec7 Ph\u1ea7n m\u1ec1m \u0110HQG \u2013 HCM, khu ph\u1ed1 6, ph\u01b0\u1eddng Linh Trung, TP Th\u1ee7 \u0110\u1ee9c <br><\/p>\n  <\/div>\n<\/div>\n\t<\/div>\n<\/section>\n\n\n<div style=\"height:100px\" aria-hidden=\"true\" class=\"wp-block-spacer\"><\/div>\n","protected":false},"excerpt":{"rendered":"<p>Cas l\u00e0 m\u1ed9t n\u1ed7 l\u1ef1c nh\u1eb1m x\u00e2y d\u1ef1ng m\u1ed9t h\u1ea1 t\u1ea7ng th\u00fac \u0111\u1ea9y \u1ee9ng d\u1ee5ng ng\u00e2n h\u00e0ng m\u1edf  t\u1ea1i Vi\u1ec7t Nam.<\/p>\n","protected":false},"author":1,"featured_media":448,"parent":0,"menu_order":0,"comment_status":"closed","ping_status":"closed","template":"","meta":{"inline_featured_image":false,"footnotes":""},"class_list":["post-58","page","type-page","status-publish","has-post-thumbnail","hentry"],"_links":{"self":[{"href":"https:\/\/cas.so\/cas-id\/wp-json\/wp\/v2\/pages\/58","targetHints":{"allow":["GET"]}}],"collection":[{"href":"https:\/\/cas.so\/cas-id\/wp-json\/wp\/v2\/pages"}],"about":[{"href":"https:\/\/cas.so\/cas-id\/wp-json\/wp\/v2\/types\/page"}],"author":[{"embeddable":true,"href":"https:\/\/cas.so\/cas-id\/wp-json\/wp\/v2\/users\/1"}],"replies":[{"embeddable":true,"href":"https:\/\/cas.so\/cas-id\/wp-json\/wp\/v2\/comments?post=58"}],"version-history":[{"count":0,"href":"https:\/\/cas.so\/cas-id\/wp-json\/wp\/v2\/pages\/58\/revisions"}],"wp:featuredmedia":[{"embeddable":true,"href":"https:\/\/cas.so\/cas-id\/wp-json\/"}],"wp:attachment":[{"href":"https:\/\/cas.so\/cas-id\/wp-json\/wp\/v2\/media?parent=58"}],"curies":[{"name":"wp","href":"https:\/\/api.w.org\/{rel}","templated":true}]}}