{"id":709,"date":"2023-03-15T08:50:24","date_gmt":"2023-03-15T08:50:24","guid":{"rendered":"https:\/\/sites.casso.vn\/bankhub-vn\/?page_id=5"},"modified":"2026-03-02T13:50:40","modified_gmt":"2026-03-02T06:50:40","slug":"trang-chu","status":"publish","type":"page","link":"https:\/\/cas.so\/cas-id\/","title":{"rendered":"Trang ch\u1ee7"},"content":{"rendered":"<header class=\"header pb-7 text-center text-lg-left\"  style=\"background-color: #fff;\">\n\t\n\t\n\t\n\t<div class=\"container\">\n\t\t\n\t\t<div class=\"row h-100\">\n  <div class=\"col-lg-5 align-self-center pb-lg-9\">\n    <h1>V\u00ed d\u1eef li\u1ec7u kinh doanh Cas ID<\/h1>\n    <p class=\"lead mt-5 mb-8\">Qu\u1ea3n l\u00fd nhi\u1ec1u ng\u00e2n h\u00e0ng, t\u00e0i s\u1ea3n s\u1ed1, d\u1ecbch v\u1ee5 d\u1eef li\u1ec7u, ch\u1eef k\u00ed s\u1ed1, ho\u00e1 \u0111\u01a1n \u0111i\u1ec7n t\u1eed &#8230; m\u1ed9t ch\u1ed7 v\u00e0 <strong>c\u1ea5p quy\u1ec1n d\u1eef li\u1ec7u<\/strong> cho c\u00e1c <strong>app<\/strong> m\u00e0 b\u1ea1n y\u00eau th\u00edch.<\/p>\n    <p class=\"gap-xy\">\n      <a class=\"btn btn-primary btn-md btn-round\" href=\"https:\/\/cas.so\/cas-id\/cai-dat\" style=\"min-width: 170px;\"><i class=\"fa fa-download \"><\/i> C\u00e0i \u0111\u1eb7t app <\/a>\n      <a class=\"btn btn-secondary btn-md btn-round hide\" href=\"#\" style=\"min-width: 160px;\"> T\u00ecm hi\u1ec3u th\u00eam <\/a>\n    <\/p>\n  <\/div>\n\n  <div class=\"col-lg-6 ml-auto align-self-end\">\n    <img decoding=\"async\"  src=\"https:\/\/cas.so\/cas-id\/wp-content\/uploads\/sites\/12\/2023\/05\/mobile-on-homepage-5.png\" alt=\"Alternative Text\" \/>\n  <\/div>\n<\/div>\n\t<\/div>\n<\/header>\n\n<section class=\"section pt-3\"  >\n\t\n\t\n\t\n\t<div class=\"container\">\n\t\t\n\t\t<div class=\"row gap-y\">\n  <div class=\"col-lg-4\">\n  <div class=\"card card-body border text-center\">\n    <p class=\"my-5\"><i class=\"icon-layers lead-8\" style=\"color: #bfc5ca;\"><\/i><\/p>\n    <h5>D\u1eef li\u1ec7u thu\u1ed9c v\u1ec1 b\u1ea1n<\/h5>\n    <p>Ch\u00fang t\u00f4i tin r\u1eb1ng b\u1ea1n l\u00e0 ng\u01b0\u1eddi c\u00f3 quy\u1ec1n cao nh\u1ea5t tr\u00ean d\u1eef li\u1ec7u c\u1ee7a m\u00ecnh, kh\u00f4ng ph\u1ea3i ng\u00e2n h\u00e0ng hay nh\u00e0 cung c\u1ea5p ph\u1ea7n m\u1ec1m n\u00e0o \u0111\u00f3.<\/p>\n    <p><a class=\"small-3 fw-600\" href=\"https:\/\/cas.so\/cas-id\/giai-phap-ngan-hang-mo\/\">\u0110\u1ecdc th\u00eam <i class=\"fa fa-angle-right small-5 pl-1\"><\/i><\/a><\/p>\n  <\/div>\n<\/div><div class=\"col-lg-4\">\n  <div class=\"card card-body border text-center\">\n    <p class=\"my-5\"><i class=\"icon-puzzle lead-8\" style=\"color: #bfc5ca;\"><\/i><\/p>\n    <h5>B\u1ea3o m\u1eadt l\u00e0 \u01b0u ti\u00ean s\u1ed1 1<\/h5>\n    <p>C\u00e1c bi\u1ec7n ph\u00e1p b\u1ea3o m\u1eadt c\u1ee7a ch\u00fang t\u00f4i \u0111\u00e1p \u1ee9ng ho\u1eb7c v\u01b0\u1ee3t qu\u00e1 c\u00e1c ti\u00eau chu\u1ea9n ng\u00e0nh v\u00e0 gi\u00fap gi\u1eef an to\u00e0n cho d\u1eef li\u1ec7u c\u1ee7a b\u1ea1n.<\/p>\n    <p><a class=\"small-3 fw-600\" href=\"https:\/\/cas.so\/cas-id\/an-toan-du-lieu\/\">\u0110\u1ecdc th\u00eam <i class=\"fa fa-angle-right small-5 pl-1\"><\/i><\/a><\/p>\n  <\/div>\n<\/div><div class=\"col-lg-4\">\n  <div class=\"card card-body border text-center\">\n    <p class=\"my-5\"><i class=\"icon-mobile lead-8\" style=\"color: #bfc5ca;\"><\/i><\/p>\n    <h5>Mi\u1ec5n ph\u00ed v\u0129nh vi\u1ec5n<\/h5>\n    <p>Ng\u01b0\u1eddi d\u00f9ng cu\u1ed1i kh\u00f4ng ph\u1ea3i chi tr\u1ea3 b\u1ea5t k\u00ec chi ph\u00ed n\u00e0o cho <strong>Cas ID<\/strong>. Ch\u00fang t\u00f4i thu ph\u00ed gi\u00e1n ti\u1ebfp t\u1eeb c\u00e1c \u0111\u01a1n v\u1ecb ph\u00e1t tri\u1ec3n ph\u1ea7n m\u1ec1m<\/p>\n    <p><a class=\"small-3 fw-600 hide\" href=\"#\">\u0110\u1ecdc th\u00eam <i class=\"fa fa-angle-right small-5 pl-1\"><\/i><\/a><\/p>\n  <\/div>\n<\/div>\n<\/div>\n\t<\/div>\n<\/section>\n\n<section class=\"section\"  >\n\t\n\t\n\t\n\t<div class=\"container\">\n\t\t<header class=\"section-header\"><h2>C\u00e1ch App Cas ID ho\u1ea1t \u0111\u1ed9ng<\/h2><hr><\/header>\n\t\t<div class=\"row gap-y align-items-center py-7\">\n  <div class=\"col-lg-6 mr-auto text-center\">\n    <img decoding=\"async\"  src=\"https:\/\/cas.so\/cas-id\/wp-content\/uploads\/sites\/12\/2023\/05\/bankhub-how-it-works-06.png\" alt=\"Alternative Text\" \/>\n  <\/div>\n\n  <div class=\"col-lg-5 text-center text-lg-left\">\n    <p class=\"lead-9 fw-900 lh-1 opacity-10\">01<\/p>\n    <h3>Th\u00eam t\u00e0i kho\u1ea3n ng\u00e2n h\u00e0ng<\/h3>\n    <p>Cas ID h\u1ed7 tr\u1ee3 h\u1ea7u h\u1ebft c\u00e1c ng\u00e2n h\u00e0ng l\u1edbn t\u1ea1i Vi\u1ec7t Nam, \u0111\u1eb7c bi\u1ec7t l\u00e0 c\u00e1c ng\u00e2n h\u00e0ng ti\u00ean phong xu th\u1ebf ng\u00e2n h\u00e0ng m\u1edf nh\u01b0: VietinBank, OCB, PVcombank &#8230;<br>C\u00e1c ng\u00e2n h\u00e0ng b\u1ea1n c\u00f3 th\u1ec3 th\u00eam v\u00e0o Cas ID \u0111\u1ec3 qu\u1ea3n l\u00fd:<br>&#8211; T\u00e0i kho\u1ea3n ng\u00e2n h\u00e0ng ch\u00ednh ch\u1ee7. Tr\u00f9ng kh\u1edbp s\u1ed1 c\u0103n c\u01b0\u1edbc c\u00f4ng d\u00e2n, h\u1ecd t\u00ean v\u00e0 s\u1ed1 \u0111i\u1ec7n tho\u1ea1i b\u1ea1n \u0111\u00e3 x\u00e1c th\u1ef1c.<br>&#8211; T\u00e0i kho\u1ea3n ng\u00e2n h\u00e0ng \u0111\u01b0\u1ee3c c\u00f4ng ty c\u1ea5p cho b\u1ea1n, d\u01b0\u1edbi c\u00e1c vai tr\u00f2 gi\u00e1m \u0111\u1ed1c, k\u1ebf to\u00e1n, qu\u1ea3n tr\u1ecb vi\u00ean &#8230;.<\/p>\n  <\/div>\n<\/div><div class=\"row gap-y align-items-center py-7\">\n  <div class=\"col-lg-5 text-center text-lg-left\">\n    <p class=\"lead-9 fw-900 lh-1 opacity-10\">02<\/p>\n    <h3>C\u1ea5p quy\u1ec1n truy c\u1eadp d\u1eef li\u1ec7u cho App<\/h3>\n    <p>B\u1ea1n s\u1eed d\u1ee5ng Cas ID c\u1ea5p quy\u1ec1n cho app b\u1eb1ng c\u00e1ch qu\u00e9t m\u00e3 QR \u0111\u01b0\u1ee3c t\u1ea1o ra t\u1eeb app. C\u00e1c App n\u00e0y \u0111\u00e3 \u0111\u01b0\u1ee3c ch\u00fang t\u00f4i c\u1ea5p ph\u00e9p sau khi x\u00e1c minh k\u0129 l\u01b0\u1ee1ng \u0111\u1ecbnh k\u1ef3. App ph\u1ea3i \u0111\u1ea3m b\u1ea3o tu\u00e2n th\u1ee7 quy t\u1eafc c\u1ee7a Cas v\u1ec1 <strong>b\u1ea3o v\u1ec7 d\u1eef li\u1ec7u ng\u01b0\u1eddi d\u00f9ng<\/strong> v\u00e0 <strong>Ngh\u1ecb \u0111\u1ecbnh 13\/2023\/N\u0110-CP b\u1ea3o v\u1ec7 d\u1eef li\u1ec7u c\u00e1 nh\u00e2n<br><\/strong><\/p>\n  <\/div>\n\n  <div class=\"col-lg-6 ml-auto text-center order-first order-lg-last\">\n    <img decoding=\"async\"  src=\"https:\/\/cas.so\/cas-id\/wp-content\/uploads\/sites\/12\/2023\/05\/bankhub-how-it-works-02-5.png\" alt=\"Alternative Text\" \/>\n  <\/div>\n<\/div><div class=\"row gap-y align-items-center py-7\">\n  <div class=\"col-lg-6 mr-auto text-center\">\n    <img decoding=\"async\"  src=\"https:\/\/cas.so\/cas-id\/wp-content\/uploads\/sites\/12\/2023\/05\/bankhub-how-it-works-03.png\" alt=\"Alternative Text\" \/>\n  <\/div>\n\n  <div class=\"col-lg-5 text-center text-lg-left\">\n    <p class=\"lead-9 fw-900 lh-1 opacity-10\">03<\/p>\n    <h3>\u1ee6y quy\u1ec1n t\u00e0i kho\u1ea3n cho ng\u01b0\u1eddi d\u00f9ng kh\u00e1c<\/h3>\n    <p>V\u1edbi t\u00ednh n\u0103ng \u1ee6y quy\u1ec1n s\u1ed1 tr\u00ean Cas ID, Ng\u01b0\u1eddi d\u00f9ng c\u00f3 th\u1ec3 \u1ee7y quy\u1ec1n cho m\u1ed9t ng\u01b0\u1eddi d\u00f9ng kh\u00e1c qu\u1ea3n l\u00fd t\u00e0i kho\u1ea3n ng\u00e2n h\u00e0ng c\u1ee7a m\u00ecnh tr\u00ean Cas ID trong m\u1ed9t s\u1ed1 tr\u01b0\u1eddng h\u1ee3p:<br>&#8211; <strong>Gi\u00e1m \u0111\u1ed1c<\/strong> \u1ee7y quy\u1ec1n cho nh\u00e2n vi\u00ean k\u1ebf to\u00e1n ho\u1eb7c l\u1eadp tr\u00ecnh vi\u00ean \u0111\u1ec3 nh\u00e2n vi\u00ean th\u1eeba h\u00e0nh th\u1ef1c hi\u1ec7n thao t\u00e1c c\u1ea5p quy\u1ec1n cho app.<br>&#8211; <strong>Ch\u1ee7 s\u1edf h\u1eefu b\u1ea5t \u0111\u1ed9ng s\u1ea3n<\/strong> \u1ee7y quy\u1ec1n cho \u0111\u01a1n v\u1ecb qu\u1ea3n l\u00fd b\u1ea5t \u0111\u1ed9ng s\u1ea3n \u0111\u1ec3 h\u1ecd qu\u1ea3n l\u00fd thu ph\u00ed c\u01b0 d\u00e2n thu\u00ea ph\u00f2ng.<br>&#8211; <strong>Ng\u01b0\u1eddi d\u00f9ng c\u00e1 nh\u00e2n<\/strong> \u1ee7y quy\u1ec1n cho nh\u00e0 t\u01b0 v\u1ea5n t\u00e0i ch\u00ednh \u0111\u1ec3 h\u1ecd l\u1eadp b\u00e1o c\u00e1o v\u00e0 khuy\u1ebfn ngh\u1ecb.<br>&#8211; <strong>V\u1ee3<\/strong> \u1ee7y quy\u1ec1n cho ch\u1ed3ng ho\u1eb7c <strong>ch\u1ed3ng<\/strong> \u1ee7y quy\u1ec1n cho v\u1ee3.<\/p>\n  <\/div>\n<\/div><div class=\"row gap-y align-items-center py-7\">\n  <div class=\"col-lg-5 text-center text-lg-left\">\n    <p class=\"lead-9 fw-900 lh-1 opacity-10\">04<\/p>\n    <h3>Xem nh\u1eadt k\u00ed t\u1eebng l\u1ea7n App truy c\u1eadp<\/h3>\n    <p>T\u1ea5t c\u1ea3 c\u00e1c l\u1ea7n truy c\u1eadp d\u1eef li\u1ec7u c\u1ee7a App trong 6 th\u00e1ng g\u1ea7n nh\u1ea5t \u0111\u1ec1u \u0111\u01b0\u1ee3c Cas ID ghi l\u1ea1i v\u00e0 tr\u00ecnh b\u00e0y m\u1ed9t c\u00e1ch khoa h\u1ecdc \u0111\u1ec3 ng\u01b0\u1eddi d\u00f9ng n\u1eafm b\u1eaft m\u1ed9t c\u00e1ch d\u1ec5 d\u00e0ng.<\/p>\n  <\/div>\n\n  <div class=\"col-lg-6 ml-auto text-center order-first order-lg-last\">\n    <img decoding=\"async\"  src=\"https:\/\/cas.so\/cas-id\/wp-content\/uploads\/sites\/12\/2023\/05\/bankhub-how-it-works-07.png\" alt=\"Alternative Text\" \/>\n  <\/div>\n<\/div><div class=\"row gap-y align-items-center py-7\">\n  <div class=\"col-lg-6 mr-auto text-center\">\n    <img decoding=\"async\"  src=\"https:\/\/cas.so\/cas-id\/wp-content\/uploads\/sites\/12\/2023\/05\/bankhub-how-it-works-05.png\" alt=\"Alternative Text\" \/>\n  <\/div>\n\n  <div class=\"col-lg-5 text-center text-lg-left\">\n    <p class=\"lead-9 fw-900 lh-1 opacity-10\">05<\/p>\n    <h3>Thu h\u1ed3i quy\u1ec1n truy c\u1eadp<\/h3>\n    <p>Sau khi \u0111\u00e3 c\u1ea5p quy\u1ec1n truy c\u1eadp cho m\u1ed9t \u1ee9ng d\u1ee5ng t\u00e0i ch\u00ednh ho\u1eb7c \u1ee7y quy\u1ec1n s\u1ed1, ng\u01b0\u1eddi d\u00f9ng c\u00f3 th\u1ec3 thu h\u1ed3i quy\u1ec1n truy c\u1eadp b\u1ea5t c\u1ee9 l\u00fac n\u00e0o.<\/p>\n  <\/div>\n<\/div>\n\t<\/div>\n<\/section>\n\n<section class=\"section\"  >\n\t\n\t\n\t\n\t<div class=\"container\">\n\t\t<header class=\"section-header\"><small>Apps<\/small><h2>Khai th\u00e1c l\u1ee3i \u00edch t\u1eeb xu th\u1ebf ng\u00e2n h\u00e0ng m\u1edf<\/h2><hr><p class=\"lead\">H\u00e0ng tr\u0103m \u1ee9ng d\u1ee5ng, v\u00e0 ti\u1ec7n \u00edch ng\u00e2n h\u00e0ng m\u1edf \u0111\u00e3 s\u1eb5n s\u00e0ng \u0111\u1ec3 n\u00e2ng t\u1ea7m cu\u1ed9c s\u1ed1ng &amp; kinh doanh c\u1ee7a b\u1ea1n<\/p><\/header>\n\t\t<div class=\"row gap-y\">\n  <div class=\"col-md-6 col-lg-3\">\n  <a class=\"card text-white text-center bg-img py-6\" style=\"background-image: url(https:\/\/cas.so\/cas-id\/wp-content\/uploads\/sites\/12\/2023\/05\/il-personal-finance.svg);\" href=\"https:\/\/cas.so\/cas-id\/kham-pha-ung-dung\/\">\n\t<div class=\"overlay opacity-70\" style=\"background-color: #000;\"><\/div><div class=\"position-relative\"><p><i class=\"fa fa-wordpress lead-5 opacity-70\" ><\/i><\/p>\n<h5 class=\"mb-0\">Accounting<\/h5>\n<small class=\"opacity-70\">39 App<\/small><\/div>\n<\/a>\n<\/div><div class=\"col-md-6 col-lg-3\">\n  <a class=\"card text-white text-center bg-img py-6\" style=\"background-image: url(https:\/\/cas.so\/cas-id\/wp-content\/uploads\/sites\/12\/2023\/05\/il-payment.svg);\" href=\"https:\/\/cas.so\/cas-id\/kham-pha-ung-dung\/\">\n\t<div class=\"overlay opacity-70\" style=\"background-color: #000;\"><\/div><div class=\"position-relative\"><p><i class=\"fa fa-code lead-5 opacity-70\" ><\/i><\/p>\n<h5 class=\"mb-0\">Payment<\/h5>\n<small class=\"opacity-70\">18 App<\/small><\/div>\n<\/a>\n<\/div><div class=\"col-md-6 col-lg-3\">\n  <a class=\"card text-white text-center bg-img py-6\" style=\"background-image: url(https:\/\/cas.so\/cas-id\/wp-content\/uploads\/sites\/12\/2023\/05\/il-robot.svg);\" href=\"https:\/\/cas.so\/cas-id\/kham-pha-ung-dung\/\">\n\t<div class=\"overlay opacity-70\" style=\"background-color: #000;\"><\/div><div class=\"position-relative\"><p><i class=\"fa fa-database lead-5 opacity-70\" ><\/i><\/p>\n<h5 class=\"mb-0\">Automation<\/h5>\n<small class=\"opacity-70\">5 App<\/small><\/div>\n<\/a>\n<\/div><div class=\"col-md-6 col-lg-3\">\n  <a class=\"card text-white text-center bg-img py-6\" style=\"background-image: url(https:\/\/cas.so\/cas-id\/wp-content\/uploads\/sites\/12\/2023\/05\/il-business-finance.svg);\" href=\"https:\/\/cas.so\/cas-id\/kham-pha-ung-dung\/\">\n\t<div class=\"overlay opacity-70\" style=\"background-color: #000;\"><\/div><div class=\"position-relative\"><p><i class=\"fa fa-android lead-5 opacity-70\" ><\/i><\/p>\n<h5 class=\"mb-0\">Wealth<\/h5>\n<small class=\"opacity-70\">9 App<\/small><\/div>\n<\/a>\n<\/div>\n<\/div>\n\t<\/div>\n<\/section>\n\n<section class=\"section text-center\"  >\n\t\n\t\n\t\n\t<div class=\"container\">\n\t\t\n\t\t<div class=\"row\">\n  <div class=\"col-md-6 mx-auto\">\n    <p><img decoding=\"async\"  src=\"https:\/\/cas.so\/cas-id\/wp-content\/uploads\/sites\/12\/2023\/05\/75317-launch-paper-plane.gif\" alt=\"Alternative Text\" \/><\/p>\n    <br>\n    <h3 class=\"mb-6 fw-500\">N\u00e2ng t\u1ea7m cu\u1ed9c s\u1ed1ng &amp; kinh doanh v\u1edbi c\u00f4ng ngh\u1ec7 ng\u00e2n h\u00e0ng m\u1edf.<\/h3>\n    <p class=\"lead text-muted\">B\u1ea3o m\u1eadt. D\u1ec5 d\u00f9ng. Mi\u1ec5n ph\u00ed.<\/p>\n    <br>\n    <a class=\"btn btn-primary btn-lg btn-round\" href=\"https:\/\/cas.so\/cas-id\/cai-dat\" style=\"min-width: 200px;\"> C\u00e0i \u0110\u1eb7t Cas ID <\/a>\n  <\/div>\n<\/div>\n\t<\/div>\n<\/section>","protected":false},"excerpt":{"rendered":"<p>Cas gi\u00fap b\u1ea1n qu\u1ea3n l\u00fd nhi\u1ec1u ng\u00e2n h\u00e0ng m\u1ed9t ch\u1ed7 v\u00e0 c\u1ea5p quy\u1ec1n d\u1eef li\u1ec7u cho c\u00e1c app t\u00e0i ch\u00ednh<\/p>\n","protected":false},"author":1,"featured_media":560,"parent":0,"menu_order":0,"comment_status":"closed","ping_status":"closed","template":"","meta":{"inline_featured_image":false,"footnotes":""},"class_list":["post-709","page","type-page","status-publish","has-post-thumbnail","hentry"],"_links":{"self":[{"href":"https:\/\/cas.so\/cas-id\/wp-json\/wp\/v2\/pages\/709","targetHints":{"allow":["GET"]}}],"collection":[{"href":"https:\/\/cas.so\/cas-id\/wp-json\/wp\/v2\/pages"}],"about":[{"href":"https:\/\/cas.so\/cas-id\/wp-json\/wp\/v2\/types\/page"}],"author":[{"embeddable":true,"href":"https:\/\/cas.so\/cas-id\/wp-json\/wp\/v2\/users\/1"}],"replies":[{"embeddable":true,"href":"https:\/\/cas.so\/cas-id\/wp-json\/wp\/v2\/comments?post=709"}],"version-history":[{"count":7,"href":"https:\/\/cas.so\/cas-id\/wp-json\/wp\/v2\/pages\/709\/revisions"}],"predecessor-version":[{"id":1123,"href":"https:\/\/cas.so\/cas-id\/wp-json\/wp\/v2\/pages\/709\/revisions\/1123"}],"wp:featuredmedia":[{"embeddable":true,"href":"https:\/\/cas.so\/cas-id\/wp-json\/"}],"wp:attachment":[{"href":"https:\/\/cas.so\/cas-id\/wp-json\/wp\/v2\/media?parent=709"}],"curies":[{"name":"wp","href":"https:\/\/api.w.org\/{rel}","templated":true}]}}