{"id":924,"date":"2025-04-16T16:37:47","date_gmt":"2025-04-16T09:37:47","guid":{"rendered":"https:\/\/bankhub.vn\/?page_id=924"},"modified":"2025-12-08T07:17:52","modified_gmt":"2025-12-08T07:17:52","slug":"trung-tam-tro-giup-bankhub","status":"publish","type":"page","link":"https:\/\/cas.so\/cas-id\/trung-tam-tro-giup-bankhub\/","title":{"rendered":"Trung t\u00e2m tr\u1ee3 gi\u00fap"},"content":{"rendered":"\n<p><strong>Ch\u00e0o m\u1eebng b\u1ea1n \u0111\u1ebfn v\u1edbi Trung t\u00e2m tr\u1ee3 gi\u00fap!<\/strong><br>T\u1ea1i \u0111\u00e2y, b\u1ea1n s\u1ebd t\u00ecm th\u1ea5y c\u00e2u tr\u1ea3 l\u1eddi cho c\u00e1c c\u00e2u h\u1ecfi th\u01b0\u1eddng g\u1eb7p v\u00e0 h\u01b0\u1edbng d\u1eabn chi ti\u1ebft \u0111\u1ec3 s\u1eed d\u1ee5ng c\u00e1c d\u1ecbch v\u1ee5 c\u1ee7a Cas m\u1ed9t c\u00e1ch hi\u1ec7u qu\u1ea3.<\/p>\n\n\n<section class=\"section pt-3 pb-7\"  >\n\t\n\t\n\t\n\t<div class=\"container\">\n\t\t<header class=\"section-header\"><small>FAQ<\/small><h2><sup>C\u00e2u h\u1ecfi th\u01b0\u1eddng g\u1eb7p<\/sup><\/h2><hr><\/header>\n\t\t<div class=\"row\">\n  <div class=\"col-md-8 mx-auto\">\n\n    <div class=\"accordion accordion-connected accordion-arrow-right\" id=\"accordion-faq-1509286660\">\n      <div class=\"card\">\n  <h5 class=\"card-title\">\n    <a class=\"collapsed\" data-toggle=\"collapse\" href=\"#collapse-faq-1509286660-1\">\n      Cas l\u00e0 g\u00ec?\n    <\/a>\n  <\/h5>\n\n  <div id=\"collapse-faq-1509286660-1\" class=\"collapse\" data-parent=\"#accordion-faq-1509286660\">\n    <div class=\"card-body\">Cas l\u00e0 n\u1ec1n t\u1ea3ng trung gian k\u1ebft n\u1ed1i ng\u00e2n h\u00e0ng v\u00e0 doanh nghi\u1ec7p, cung c\u1ea5p API ng\u00e2n h\u00e0ng \u0111\u1ec3 h\u1ed7 tr\u1ee3 t\u1ef1 \u0111\u1ed9ng h\u00f3a giao d\u1ecbch t\u00e0i ch\u00ednh.<\/div>\n  <\/div>\n<\/div><div class=\"card\">\n  <h5 class=\"card-title\">\n    <a class=\"collapsed\" data-toggle=\"collapse\" href=\"#collapse-faq-1509286660-2\">\n      Cas c\u00f3 ph\u1ea3i l\u00e0 ng\u00e2n h\u00e0ng kh\u00f4ng?\n    <\/a>\n  <\/h5>\n\n  <div id=\"collapse-faq-1509286660-2\" class=\"collapse\" data-parent=\"#accordion-faq-1509286660\">\n    <div class=\"card-body\">Kh\u00f4ng. Cas l\u00e0 n\u1ec1n t\u1ea3ng trung gian k\u1ebft n\u1ed1i API gi\u1eefa ng\u00e2n h\u00e0ng v\u00e0 kh\u00e1ch h\u00e0ng.<\/div>\n  <\/div>\n<\/div><div class=\"card\">\n  <h5 class=\"card-title\">\n    <a class=\"collapsed\" data-toggle=\"collapse\" href=\"#collapse-faq-1509286660-3\">\n      D\u1eef li\u1ec7u c\u1ee7a t\u00f4i c\u00f3 \u0111\u01b0\u1ee3c b\u1ea3o m\u1eadt kh\u00f4ng?\n    <\/a>\n  <\/h5>\n\n  <div id=\"collapse-faq-1509286660-3\" class=\"collapse\" data-parent=\"#accordion-faq-1509286660\">\n    <div class=\"card-body\">Cas tu\u00e2n th\u1ee7 c\u00e1c chu\u1ea9n b\u1ea3o m\u1eadt kh\u1eaft khe, m\u00e3 h\u00f3a k\u1ebft n\u1ed1i API v\u00e0 kh\u00f4ng l\u01b0u tr\u1eef m\u1eadt kh\u1ea9u ho\u1eb7c OTP c\u1ee7a ng\u01b0\u1eddi d\u00f9ng.<\/div>\n  <\/div>\n<\/div><div class=\"card\">\n  <h5 class=\"card-title\">\n    <a class=\"collapsed\" data-toggle=\"collapse\" href=\"#collapse-faq-1509286660-4\">\n      D\u00f9ng app Cas ID c\u00f3 t\u1ed1n ph\u00ed kh\u00f4ng?\n    <\/a>\n  <\/h5>\n\n  <div id=\"collapse-faq-1509286660-4\" class=\"collapse\" data-parent=\"#accordion-faq-1509286660\">\n    <div class=\"card-body\">Hi\u1ec7n t\u1ea1i app Cas ID kh\u00f4ng thu ph\u00ed t\u1eeb ng\u01b0\u1eddi d\u00f9ng.<\/div>\n  <\/div>\n<\/div><div class=\"card\">\n  <h5 class=\"card-title\">\n    <a class=\"collapsed\" data-toggle=\"collapse\" href=\"#collapse-faq-1509286660-5\">\n      Li\u00ean h\u1ec7 h\u1ed7 tr\u1ee3 \u1edf \u0111\u00e2u?\n    <\/a>\n  <\/h5>\n\n  <div id=\"collapse-faq-1509286660-5\" class=\"collapse\" data-parent=\"#accordion-faq-1509286660\">\n    <div class=\"card-body\">&#8211; Qua Fanpage Casso<br>&#8211; Hotline: 19008144<\/div>\n  <\/div>\n<\/div>\n    <\/div>\n  <\/div>\n\n<\/div>\n\t<\/div>\n<\/section>\n\n\n\n<h2 class=\"wp-block-heading has-text-align-center\">B\u1ea1n c\u00f3 v\u1ea5n \u0111\u1ec1 c\u1ea7n h\u1ed7 tr\u1ee3?<\/h2>\n\n\n\n<div class=\"wp-block-group\"><div class=\"wp-block-group__inner-container is-layout-constrained wp-block-group-is-layout-constrained\">\n<h2 class=\"wp-block-heading\"><\/h2>\n<\/div><\/div>\n\n\n\n<div style=\"text-align: center\">\n<p> \ud83d\udccb \u0110\u1ec3 l\u1ea1i y\u00eau c\u1ea7u, ch\u00fang t\u00f4i s\u1ebd ph\u1ea3n h\u1ed3i trong v\u00f2ng 24h l\u00e0m vi\u1ec7c<\/p>\n<p> \ud83d\udd58 Th\u1eddi gian l\u00e0m vi\u1ec7c: 9:00 &#8211; 18:00 (Th\u1ee9 2 &#8211; Th\u1ee9 6)<\/p>\n<\/div>\n<div style=\"max-width: 960px;margin: 0 auto;justify-content: center;align-items: flex-start;gap: 40px;text-align: left\">\n  <!-- Form -->\n  <div style=\"flex: 1;padding-left: 30px\">\n    <div style=\"max-width: 100%;margin: 0 auto\">\n\n<div class=\"wpcf7 no-js\" id=\"wpcf7-f1096-o1\" lang=\"en-US\" dir=\"ltr\" data-wpcf7-id=\"1096\">\n<div class=\"screen-reader-response\"><p role=\"status\" aria-live=\"polite\" aria-atomic=\"true\"><\/p> <ul><\/ul><\/div>\n<form action=\"\/cas-id\/wp-json\/wp\/v2\/pages\/924#wpcf7-f1096-o1\" method=\"post\" class=\"wpcf7-form init\" aria-label=\"Contact form\" novalidate=\"novalidate\" data-status=\"init\">\n<div style=\"display: none;\">\n<input type=\"hidden\" name=\"_wpcf7\" value=\"1096\" \/>\n<input type=\"hidden\" name=\"_wpcf7_version\" value=\"6.0.6\" \/>\n<input type=\"hidden\" name=\"_wpcf7_locale\" value=\"en_US\" \/>\n<input type=\"hidden\" name=\"_wpcf7_unit_tag\" value=\"wpcf7-f1096-o1\" \/>\n<input type=\"hidden\" name=\"_wpcf7_container_post\" value=\"0\" \/>\n<input type=\"hidden\" name=\"_wpcf7_posted_data_hash\" value=\"\" \/>\n<\/div>\n<p><label> T\u00ean c\u1ee7a b\u1ea1n<br \/>\n<span class=\"wpcf7-form-control-wrap\" data-name=\"your-name\"><input size=\"40\" maxlength=\"400\" class=\"wpcf7-form-control wpcf7-text wpcf7-validates-as-required\" autocomplete=\"name\" aria-required=\"true\" aria-invalid=\"false\" value=\"\" type=\"text\" name=\"your-name\" \/><\/span> <\/label>\n<\/p>\n<p><label> Email<br \/>\n<span class=\"wpcf7-form-control-wrap\" data-name=\"your-email\"><input size=\"40\" maxlength=\"400\" class=\"wpcf7-form-control wpcf7-email wpcf7-validates-as-required wpcf7-text wpcf7-validates-as-email\" autocomplete=\"email\" aria-required=\"true\" aria-invalid=\"false\" value=\"\" type=\"email\" name=\"your-email\" \/><\/span> <\/label>\n<\/p>\n<p><label> N\u1ed9i dung b\u1ea1n c\u1ea7n h\u1ed7 tr\u1ee3<br \/>\n<span class=\"wpcf7-form-control-wrap\" data-name=\"your-message\"><textarea cols=\"40\" rows=\"10\" maxlength=\"2000\" class=\"wpcf7-form-control wpcf7-textarea\" aria-invalid=\"false\" name=\"your-message\"><\/textarea><\/span> <\/label>\n<\/p>\n<p><input class=\"wpcf7-form-control wpcf7-submit has-spinner\" type=\"submit\" value=\"G\u1eedi y\u00eau c\u1ea7u\" \/>\n<\/p><div class=\"wpcf7-response-output\" aria-hidden=\"true\"><\/div>\n<\/form>\n<\/div>\n\n      \n    <\/div>\n  <\/div>\n\n  <!-- Th\u00f4ng tin -->\n  <div style=\"flex: 1;padding-left: 20px\">\n    <h2 style=\"margin-top: 0\">C\u00f4ng ty TNHH CASSO<\/h2>\n    <p><strong>MST:<\/strong> 0316794479<\/p>\n    <p><strong>\u0110\u1ecba ch\u1ec9:<\/strong> Ph\u00f2ng I.102D, Khu C\u00f4ng ngh\u1ec7 Ph\u1ea7n m\u1ec1m \u0110HQG \u2013 HCM, khu ph\u1ed1 6, ph\u01b0\u1eddng Linh Trung, TP Th\u1ee7 \u0110\u1ee9c<\/p>\n    <p><strong>Email:<\/strong> <a href=\"mailto:cskh@cas.so\">cskh@cas.so<\/a><\/p>\n<p><strong>SDT:<\/strong> 19008144<\/p>\n  <\/div>\n<\/div>\n\n","protected":false},"excerpt":{"rendered":"<p>Ch\u00e0o m\u1eebng b\u1ea1n \u0111\u1ebfn v\u1edbi Trung t\u00e2m tr\u1ee3 gi\u00fap!T\u1ea1i \u0111\u00e2y, b\u1ea1n s\u1ebd t\u00ecm th\u1ea5y c\u00e2u tr\u1ea3 l\u1eddi cho c\u00e1c c\u00e2u h\u1ecfi th\u01b0\u1eddng g\u1eb7p v\u00e0 h\u01b0\u1edbng d\u1eabn chi ti\u1ebft \u0111\u1ec3 s\u1eed d\u1ee5ng c\u00e1c d\u1ecbch v\u1ee5 c\u1ee7a<\/p>\n","protected":false},"author":1,"featured_media":0,"parent":0,"menu_order":0,"comment_status":"closed","ping_status":"closed","template":"","meta":{"inline_featured_image":false,"footnotes":""},"class_list":["post-924","page","type-page","status-publish","hentry"],"_links":{"self":[{"href":"https:\/\/cas.so\/cas-id\/wp-json\/wp\/v2\/pages\/924","targetHints":{"allow":["GET"]}}],"collection":[{"href":"https:\/\/cas.so\/cas-id\/wp-json\/wp\/v2\/pages"}],"about":[{"href":"https:\/\/cas.so\/cas-id\/wp-json\/wp\/v2\/types\/page"}],"author":[{"embeddable":true,"href":"https:\/\/cas.so\/cas-id\/wp-json\/wp\/v2\/users\/1"}],"replies":[{"embeddable":true,"href":"https:\/\/cas.so\/cas-id\/wp-json\/wp\/v2\/comments?post=924"}],"version-history":[{"count":2,"href":"https:\/\/cas.so\/cas-id\/wp-json\/wp\/v2\/pages\/924\/revisions"}],"predecessor-version":[{"id":1113,"href":"https:\/\/cas.so\/cas-id\/wp-json\/wp\/v2\/pages\/924\/revisions\/1113"}],"wp:attachment":[{"href":"https:\/\/cas.so\/cas-id\/wp-json\/wp\/v2\/media?parent=924"}],"curies":[{"name":"wp","href":"https:\/\/api.w.org\/{rel}","templated":true}]}}